{"id":637,"date":"2020-06-22T04:48:36","date_gmt":"2020-06-22T04:48:36","guid":{"rendered":"https:\/\/autopro.io\/?page_id=637"},"modified":"2020-08-04T19:05:59","modified_gmt":"2020-08-04T19:05:59","slug":"site-web-concessionaire-automobile","status":"publish","type":"page","link":"https:\/\/autopro.io\/fr\/site-web-concessionaire-automobile\/","title":{"rendered":"Site Web Concessionaire Automobile"},"content":{"rendered":"<div class=\"wpb-content-wrapper\"><p>[vc_row][vc_column][vc_single_image image=\u00a0\u00bb210&Prime; img_size=\u00a0\u00bblarge\u00a0\u00bb alignment=\u00a0\u00bbcenter\u00a0\u00bb][\/vc_column][\/vc_row][vc_row equal_height=\u00a0\u00bbyes\u00a0\u00bb content_placement=\u00a0\u00bbmiddle\u00a0\u00bb][vc_column width=\u00a0\u00bb1\/3&Prime;][vc_column_text]<\/p>\n<p style=\"text-align: center; font-size: 20px;\"><i class=\"fa fa-check\" style=\"color: #81d742; margin-right: 20px;\"><\/i> Aucun frais cach\u00e9<\/p>\n<p>[\/vc_column_text][\/vc_column][vc_column width=\u00a0\u00bb1\/3&Prime;][vc_column_text]<\/p>\n<p style=\"text-align: center; font-size: 20px;\"><i class=\"fa fa-check\" style=\"color: #81d742; margin-right: 20px;\"><\/i> Aucun contrat \u00e0 long terme<\/p>\n<p>[\/vc_column_text][\/vc_column][vc_column width=\u00a0\u00bb1\/3&Prime;][vc_column_text]<\/p>\n<p style=\"text-align: center; font-size: 20px;\"><i class=\"fa fa-check\" style=\"color: #81d742; margin-right: 20px;\"><\/i> Mises \u00e0 jour \u00e0 vie<\/p>\n<p>[\/vc_column_text][\/vc_column][\/vc_row][vc_row][vc_column][vc_separator color=\u00a0\u00bbmulled_wine\u00a0\u00bb style=\u00a0\u00bbdashed\u00a0\u00bb el_width=\u00a0\u00bb60&Prime; css=\u00a0\u00bb.vc_custom_1580617511943{margin-top: 40px !important;margin-bottom: 40px !important;}\u00a0\u00bb][\/vc_column][\/vc_row][vc_row equal_height=\u00a0\u00bbyes\u00a0\u00bb content_placement=\u00a0\u00bbmiddle\u00a0\u00bb][vc_column width=\u00a0\u00bb5\/12&Prime;][vc_single_image image=\u00a0\u00bb533&Prime; img_size=\u00a0\u00bblarge\u00a0\u00bb][\/vc_column][vc_column width=\u00a0\u00bb7\/12&Prime;][vc_custom_heading text=\u00a0\u00bbSite web con\u00e7u sp\u00e9cifiquement pour les concessionaires auto comme le v\u00f4tre!\u00a0\u00bb font_container=\u00a0\u00bbtag:h2|text_align:center\u00a0\u00bb use_theme_fonts=\u00a0\u00bbyes\u00a0\u00bb][vc_separator color=\u00a0\u00bbcustom\u00a0\u00bb border_width=\u00a0\u00bb4&Prime; el_width=\u00a0\u00bb10&Prime; accent_color=\u00a0\u00bb#f44336&Prime;][vc_column_text]<\/p>\n<p style=\"text-align: center;\">With AutoPro.io, you&rsquo;ll always know exactly what is going on with your inventory.<\/p>\n<p style=\"text-align: center;\">AutoPro.io allows you to track your inventory from purchase to sale, including expenses and leads for each individual vehicle.<\/p>\n<p style=\"text-align: center;\">Your AutoPro inventory instantly syncs with your website, as well as outside platforms such as Kijiji Kit and AutoTrader, with many other integrations coming soon!<\/p>\n<p style=\"text-align: center;\">Gain granular insights into each unit. How long did it take to sell? How much did you make? How much did that sale cost you in expenses? All of this, and more at your fingertips instantly.<\/p>\n<p>[\/vc_column_text][vc_row_inner][vc_column_inner width=\u00a0\u00bb1\/2&Prime; css=\u00a0\u00bb.vc_custom_1580871456929{margin-top: 15px !important;}\u00a0\u00bb]<style type=\"text\/css\" data-type=\"the7_shortcodes-inline-css\">#default-btn-98fe2c8650a87db9821da7ce46712831.ico-right-side > i {\n  margin-right: 0px;\n  margin-left: 8px;\n}\n#default-btn-98fe2c8650a87db9821da7ce46712831 > i {\n  margin-right: 8px;\n}\n<\/style><a href=\"https:\/\/autopro.io\/fr\/tarification\/\" class=\"default-btn-shortcode dt-btn dt-btn-l link-hover-off full-width-btn btn-inline-left \" id=\"default-btn-98fe2c8650a87db9821da7ce46712831\" title=\"Tarification\"><span>Tarification<\/span><\/a>[\/vc_column_inner][vc_column_inner width=\u00a0\u00bb1\/2&Prime; css=\u00a0\u00bb.vc_custom_1580871462292{margin-top: 15px !important;}\u00a0\u00bb]<style type=\"text\/css\" data-type=\"the7_shortcodes-inline-css\">#default-btn-2d8d7c043a91abce7e476d0d5b473d5e.ico-right-side > i {\n  margin-right: 0px;\n  margin-left: 8px;\n}\n#default-btn-2d8d7c043a91abce7e476d0d5b473d5e > i {\n  margin-right: 8px;\n}\n<\/style><a href=\"https:\/\/autopro.io\/fr\/demo-gratuite\/\" class=\"default-btn-shortcode dt-btn dt-btn-l link-hover-off full-width-btn btn-inline-left \" id=\"default-btn-2d8d7c043a91abce7e476d0d5b473d5e\" title=\"D\u00e9mo Gratuite\"><span>D\u00e9mo Gratuite<\/span><\/a>[\/vc_column_inner][\/vc_row_inner][\/vc_column][\/vc_row][vc_row][vc_column][vc_separator color=\u00a0\u00bbmulled_wine\u00a0\u00bb style=\u00a0\u00bbdashed\u00a0\u00bb el_width=\u00a0\u00bb60&Prime; css=\u00a0\u00bb.vc_custom_1580617511943{margin-top: 40px !important;margin-bottom: 40px !important;}\u00a0\u00bb][\/vc_column][\/vc_row][vc_row][vc_column width=\u00a0\u00bb7\/12&Prime;][vc_custom_heading text=\u00a0\u00bbNe perdes pas de temps \u00e0 g\u00e9rer votre site web, et concentrez vous sur vos ventes!\u00a0\u00bb font_container=\u00a0\u00bbtag:h2|text_align:center\u00a0\u00bb use_theme_fonts=\u00a0\u00bbyes\u00a0\u00bb][vc_separator color=\u00a0\u00bbcustom\u00a0\u00bb border_width=\u00a0\u00bb4&Prime; el_width=\u00a0\u00bb10&Prime; accent_color=\u00a0\u00bb#f44336&Prime;][vc_column_text]<\/p>\n<p style=\"text-align: center;\">In today&rsquo;s business world, having insights into your customers that can help you build relationships is vital.<\/p>\n<p style=\"text-align: center;\">Quick and easy access to customer information is crucial for maintaining quick and efficient communication.<\/p>\n<p style=\"text-align: center;\">Easily add, edit, track and manage your clients with AutoPro.io. View purchase history, customer notes, payments, balances owed and much more.<\/p>\n<p>[\/vc_column_text][vc_row_inner][vc_column_inner width=\u00a0\u00bb1\/2&Prime; css=\u00a0\u00bb.vc_custom_1580871467615{margin-top: 15px !important;}\u00a0\u00bb]<style type=\"text\/css\" data-type=\"the7_shortcodes-inline-css\">#default-btn-2d8d7c043a91abce7e476d0d5b473d5e.ico-right-side > i {\n  margin-right: 0px;\n  margin-left: 8px;\n}\n#default-btn-2d8d7c043a91abce7e476d0d5b473d5e > i {\n  margin-right: 8px;\n}\n<\/style><a href=\"https:\/\/autopro.io\/fr\/demo-gratuite\/\" class=\"default-btn-shortcode dt-btn dt-btn-l link-hover-off full-width-btn btn-inline-left \" id=\"default-btn-2d8d7c043a91abce7e476d0d5b473d5e\" title=\"D\u00e9mo Gratuite\"><span>D\u00e9mo Gratuite<\/span><\/a>[\/vc_column_inner][vc_column_inner width=\u00a0\u00bb1\/2&Prime; css=\u00a0\u00bb.vc_custom_1580871472259{margin-top: 15px !important;}\u00a0\u00bb]<style type=\"text\/css\" data-type=\"the7_shortcodes-inline-css\">#default-btn-6de02b9ddb9044e29ef8ee9f86cfc789.ico-right-side > i {\n  margin-right: 0px;\n  margin-left: 8px;\n}\n#default-btn-6de02b9ddb9044e29ef8ee9f86cfc789 > i {\n  margin-right: 8px;\n}\n<\/style><a href=\"https:\/\/autopro.io\/fr\/nous-joindre\/\" class=\"default-btn-shortcode dt-btn dt-btn-l link-hover-off full-width-btn btn-inline-left \" id=\"default-btn-6de02b9ddb9044e29ef8ee9f86cfc789\" title=\"Nous Joindre\"><span>Nous Joindre<\/span><\/a>[\/vc_column_inner][\/vc_row_inner][\/vc_column][vc_column width=\u00a0\u00bb5\/12&Prime;][vc_single_image image=\u00a0\u00bb187&Prime; img_size=\u00a0\u00bblarge\u00a0\u00bb][\/vc_column][\/vc_row]<\/p>\n<\/div>","protected":false},"excerpt":{"rendered":"<p>[vc_row][vc_column][vc_single_image image=\u00a0\u00bb210&Prime; img_size=\u00a0\u00bblarge\u00a0\u00bb alignment=\u00a0\u00bbcenter\u00a0\u00bb][\/vc_column][\/vc_row][vc_row equal_height=\u00a0\u00bbyes\u00a0\u00bb content_placement=\u00a0\u00bbmiddle\u00a0\u00bb][vc_column width=\u00a0\u00bb1\/3&Prime;][vc_column_text] Aucun frais cach\u00e9 [\/vc_column_text][\/vc_column][vc_column width=\u00a0\u00bb1\/3&Prime;][vc_column_text] Aucun contrat \u00e0 long terme [\/vc_column_text][\/vc_column][vc_column width=\u00a0\u00bb1\/3&Prime;][vc_column_text] Mises \u00e0 jour \u00e0 vie [\/vc_column_text][\/vc_column][\/vc_row][vc_row][vc_column][vc_separator color=\u00a0\u00bbmulled_wine\u00a0\u00bb style=\u00a0\u00bbdashed\u00a0\u00bb el_width=\u00a0\u00bb60&Prime; css=\u00a0\u00bb.vc_custom_1580617511943{margin-top: 40px !important;margin-bottom: 40px !important;}\u00a0\u00bb][\/vc_column][\/vc_row][vc_row equal_height=\u00a0\u00bbyes\u00a0\u00bb content_placement=\u00a0\u00bbmiddle\u00a0\u00bb][vc_column width=\u00a0\u00bb5\/12&Prime;][vc_single_image image=\u00a0\u00bb533&Prime; img_size=\u00a0\u00bblarge\u00a0\u00bb][\/vc_column][vc_column width=\u00a0\u00bb7\/12&Prime;][vc_custom_heading text=\u00a0\u00bbSite web con\u00e7u sp\u00e9cifiquement pour les concessionaires auto comme le v\u00f4tre!\u00a0\u00bb font_container=\u00a0\u00bbtag:h2|text_align:center\u00a0\u00bb use_theme_fonts=\u00a0\u00bbyes\u00a0\u00bb][vc_separator color=\u00a0\u00bbcustom\u00a0\u00bb border_width=\u00a0\u00bb4&Prime; el_width=\u00a0\u00bb10&Prime;&hellip;<\/p>\n","protected":false},"author":2,"featured_media":0,"parent":0,"menu_order":0,"comment_status":"closed","ping_status":"closed","template":"","meta":{"footnotes":""},"class_list":["post-637","page","type-page","status-publish","hentry","description-off"],"yoast_head":"<!-- This site is optimized with the Yoast SEO plugin v25.0 - https:\/\/yoast.com\/wordpress\/plugins\/seo\/ -->\n<title>Site Web Concessionaire Automobile - WordPress Website<\/title>\n<meta name=\"description\" content=\"Un site web optimis\u00e9 pour les concessionnaires auto qui se synchronise directement avec votre logiciel de gestion et bien plus!\" \/>\n<meta name=\"robots\" content=\"index, follow, max-snippet:-1, max-image-preview:large, max-video-preview:-1\" \/>\n<link rel=\"canonical\" href=\"https:\/\/autopro.io\/fr\/site-web-concessionaire-automobile\/\" \/>\n<meta property=\"og:locale\" content=\"fr_FR\" \/>\n<meta property=\"og:type\" content=\"article\" \/>\n<meta property=\"og:title\" content=\"Site Web Concessionaire Automobile - WordPress Website\" \/>\n<meta property=\"og:description\" content=\"Un site web optimis\u00e9 pour les concessionnaires auto qui se synchronise directement avec votre logiciel de gestion et bien plus!\" \/>\n<meta property=\"og:url\" content=\"https:\/\/autopro.io\/fr\/site-web-concessionaire-automobile\/\" \/>\n<meta property=\"og:site_name\" content=\"WordPress Website\" \/>\n<meta property=\"article:modified_time\" content=\"2020-08-04T19:05:59+00:00\" \/>\n<meta name=\"twitter:card\" content=\"summary_large_image\" \/>\n<meta name=\"twitter:label1\" content=\"Dur\u00e9e de lecture estim\u00e9e\" \/>\n\t<meta name=\"twitter:data1\" content=\"3 minutes\" \/>\n<script type=\"application\/ld+json\" class=\"yoast-schema-graph\">{\"@context\":\"https:\/\/schema.org\",\"@graph\":[{\"@type\":\"WebPage\",\"@id\":\"https:\/\/autopro.io\/fr\/site-web-concessionaire-automobile\/\",\"url\":\"https:\/\/autopro.io\/fr\/site-web-concessionaire-automobile\/\",\"name\":\"Site Web Concessionaire Automobile - WordPress Website\",\"isPartOf\":{\"@id\":\"https:\/\/autopro.io\/#website\"},\"datePublished\":\"2020-06-22T04:48:36+00:00\",\"dateModified\":\"2020-08-04T19:05:59+00:00\",\"description\":\"Un site web optimis\u00e9 pour les concessionnaires auto qui se synchronise directement avec votre logiciel de gestion et bien plus!\",\"breadcrumb\":{\"@id\":\"https:\/\/autopro.io\/fr\/site-web-concessionaire-automobile\/#breadcrumb\"},\"inLanguage\":\"fr-FR\",\"potentialAction\":[{\"@type\":\"ReadAction\",\"target\":[\"https:\/\/autopro.io\/fr\/site-web-concessionaire-automobile\/\"]}]},{\"@type\":\"BreadcrumbList\",\"@id\":\"https:\/\/autopro.io\/fr\/site-web-concessionaire-automobile\/#breadcrumb\",\"itemListElement\":[{\"@type\":\"ListItem\",\"position\":1,\"name\":\"Home\",\"item\":\"https:\/\/autopro.io\/fr\/\"},{\"@type\":\"ListItem\",\"position\":2,\"name\":\"Site Web Concessionaire Automobile\"}]},{\"@type\":\"WebSite\",\"@id\":\"https:\/\/autopro.io\/#website\",\"url\":\"https:\/\/autopro.io\/\",\"name\":\"WordPress Website\",\"description\":\"\",\"potentialAction\":[{\"@type\":\"SearchAction\",\"target\":{\"@type\":\"EntryPoint\",\"urlTemplate\":\"https:\/\/autopro.io\/?s={search_term_string}\"},\"query-input\":{\"@type\":\"PropertyValueSpecification\",\"valueRequired\":true,\"valueName\":\"search_term_string\"}}],\"inLanguage\":\"fr-FR\"}]}<\/script>\n<!-- \/ Yoast SEO plugin. -->","yoast_head_json":{"title":"Site Web Concessionaire Automobile - WordPress Website","description":"Un site web optimis\u00e9 pour les concessionnaires auto qui se synchronise directement avec votre logiciel de gestion et bien plus!","robots":{"index":"index","follow":"follow","max-snippet":"max-snippet:-1","max-image-preview":"max-image-preview:large","max-video-preview":"max-video-preview:-1"},"canonical":"https:\/\/autopro.io\/fr\/site-web-concessionaire-automobile\/","og_locale":"fr_FR","og_type":"article","og_title":"Site Web Concessionaire Automobile - WordPress Website","og_description":"Un site web optimis\u00e9 pour les concessionnaires auto qui se synchronise directement avec votre logiciel de gestion et bien plus!","og_url":"https:\/\/autopro.io\/fr\/site-web-concessionaire-automobile\/","og_site_name":"WordPress Website","article_modified_time":"2020-08-04T19:05:59+00:00","twitter_card":"summary_large_image","twitter_misc":{"Dur\u00e9e de lecture estim\u00e9e":"3 minutes"},"schema":{"@context":"https:\/\/schema.org","@graph":[{"@type":"WebPage","@id":"https:\/\/autopro.io\/fr\/site-web-concessionaire-automobile\/","url":"https:\/\/autopro.io\/fr\/site-web-concessionaire-automobile\/","name":"Site Web Concessionaire Automobile - WordPress Website","isPartOf":{"@id":"https:\/\/autopro.io\/#website"},"datePublished":"2020-06-22T04:48:36+00:00","dateModified":"2020-08-04T19:05:59+00:00","description":"Un site web optimis\u00e9 pour les concessionnaires auto qui se synchronise directement avec votre logiciel de gestion et bien plus!","breadcrumb":{"@id":"https:\/\/autopro.io\/fr\/site-web-concessionaire-automobile\/#breadcrumb"},"inLanguage":"fr-FR","potentialAction":[{"@type":"ReadAction","target":["https:\/\/autopro.io\/fr\/site-web-concessionaire-automobile\/"]}]},{"@type":"BreadcrumbList","@id":"https:\/\/autopro.io\/fr\/site-web-concessionaire-automobile\/#breadcrumb","itemListElement":[{"@type":"ListItem","position":1,"name":"Home","item":"https:\/\/autopro.io\/fr\/"},{"@type":"ListItem","position":2,"name":"Site Web Concessionaire Automobile"}]},{"@type":"WebSite","@id":"https:\/\/autopro.io\/#website","url":"https:\/\/autopro.io\/","name":"WordPress Website","description":"","potentialAction":[{"@type":"SearchAction","target":{"@type":"EntryPoint","urlTemplate":"https:\/\/autopro.io\/?s={search_term_string}"},"query-input":{"@type":"PropertyValueSpecification","valueRequired":true,"valueName":"search_term_string"}}],"inLanguage":"fr-FR"}]}},"_links":{"self":[{"href":"https:\/\/autopro.io\/fr\/wp-json\/wp\/v2\/pages\/637","targetHints":{"allow":["GET"]}}],"collection":[{"href":"https:\/\/autopro.io\/fr\/wp-json\/wp\/v2\/pages"}],"about":[{"href":"https:\/\/autopro.io\/fr\/wp-json\/wp\/v2\/types\/page"}],"author":[{"embeddable":true,"href":"https:\/\/autopro.io\/fr\/wp-json\/wp\/v2\/users\/2"}],"replies":[{"embeddable":true,"href":"https:\/\/autopro.io\/fr\/wp-json\/wp\/v2\/comments?post=637"}],"version-history":[{"count":0,"href":"https:\/\/autopro.io\/fr\/wp-json\/wp\/v2\/pages\/637\/revisions"}],"wp:attachment":[{"href":"https:\/\/autopro.io\/fr\/wp-json\/wp\/v2\/media?parent=637"}],"curies":[{"name":"wp","href":"https:\/\/api.w.org\/{rel}","templated":true}]}}