{"id":2229,"date":"2022-01-01T22:27:31","date_gmt":"2022-01-01T22:27:31","guid":{"rendered":"https:\/\/autopro.io\/?page_id=2229"},"modified":"2025-06-02T17:45:59","modified_gmt":"2025-06-02T17:45:59","slug":"inscrivez-vous","status":"publish","type":"page","link":"https:\/\/autopro.io\/fr\/inscrivez-vous\/","title":{"rendered":"Landing Page &#8211; Inscription G\u00e9n\u00e9rique"},"content":{"rendered":"<div class=\"wpb-content-wrapper\"><p>[vc_row bg_type=\u00a0\u00bbimage\u00a0\u00bb parallax_style=\u00a0\u00bbvcpb-default\u00a0\u00bb bg_image_new=\u00a0\u00bbid^42|url^https:\/\/autopro.io\/wp-content\/uploads\/2019\/10\/DSC_7706-3.jpg|caption^null|alt^null|title^DSC_7706-3|description^null\u00a0\u00bb bg_image_repeat=\u00a0\u00bbno-repeat\u00a0\u00bb bg_override=\u00a0\u00bbfull\u00a0\u00bb enable_overlay=\u00a0\u00bbenable_overlay_value\u00a0\u00bb overlay_color=\u00a0\u00bbrgba(0,0,0,0.65)\u00a0\u00bb overlay_pattern=\u00a0\u00bbtransperant\u00a0\u00bb type=\u00a0\u00bbvc_default\u00a0\u00bb css=\u00a0\u00bb.vc_custom_1641078340297{padding-top: 45px !important;padding-right: 25px !important;padding-bottom: 45px !important;padding-left: 25px !important;background-color: #000000 !important;}\u00a0\u00bb][vc_column][vc_single_image image=\u00a0\u00bb157&Prime; img_size=\u00a0\u00bblarge\u00a0\u00bb alignment=\u00a0\u00bbcenter\u00a0\u00bb][\/vc_column][vc_column][vc_row_inner equal_height=\u00a0\u00bbyes\u00a0\u00bb css=\u00a0\u00bb.vc_custom_1478260572138{border-top-width: 9px !important;border-right-width: 9px !important;border-bottom-width: 9px !important;border-left-width: 9px !important;padding-top: 60px !important;padding-right: 25px !important;padding-bottom: 10px !important;padding-left: 25px !important;border-left-color: rgba(255,255,255,0.3) !important;border-left-style: double !important;border-right-color: rgba(255,255,255,0.3) !important;border-right-style: double !important;border-top-color: rgba(255,255,255,0.3) !important;border-top-style: double !important;border-bottom-color: rgba(255,255,255,0.3) !important;border-bottom-style: double !important;border-radius: 1px !important;}\u00a0\u00bb][vc_column_inner offset=\u00a0\u00bbvc_col-lg-6 vc_col-md-7 vc_hidden-sm vc_hidden-xs\u00a0\u00bb css=\u00a0\u00bb.vc_custom_1628100468862{margin-top: 0px !important;margin-right: 0px !important;margin-bottom: 0px !important;margin-left: 0px !important;padding-top: 0px !important;padding-right: 25px !important;padding-bottom: 50px !important;padding-left: 25px !important;}\u00a0\u00bb]<div id=\"ultimate-heading-951869da5a3f3c116\" class=\"uvc-heading ult-adjust-bottom-margin ultimate-heading-951869da5a3f3c116 uvc-8073 accent-border-color color-title\" data-hspacer=\"line_only\"  data-halign=\"left\" style=\"text-align:left\"><div class=\"uvc-main-heading ult-responsive\"  data-ultimate-target='.uvc-heading.ultimate-heading-951869da5a3f3c116 h2'  data-responsive-json-new='{\"font-size\":\"desktop:34px;\",\"line-height\":\"desktop:44px;\"}' ><h2 style=\"font-weight:bold;color:#ffffff;margin-bottom:15px;\">Inscrivez-vous aujourd'hui et soyez op\u00e9rationnel en 24 heures ou moins !<\/h2><\/div><div class=\"uvc-heading-spacer line_only\" style=\"margin-bottom:35px;height:3px;\"><span class=\"uvc-headings-line\" style=\"border-style:solid;border-bottom-width:3px;border-color:;width:200px;\"><\/span><\/div><\/div>[vc_column_text]<span style=\"color: #ffffff;\">Faire de la paperasse, r\u00e9diger des contrats, suivre l&rsquo;inventaire. Rien de tout cela ne vous rapporte de l&rsquo;argent. Cela ne fait que perdre du temps.<\/span><\/p>\n<p><span style=\"color: #ffffff;\">Inscrivez-vous aujourd&rsquo;hui, et nous aurons vous et votre \u00e9quipe op\u00e9rationnels en moins d&rsquo;une journ\u00e9e !<\/span><\/p>\n<p><span style=\"color: #ffffff;\">Pas de contrats \u00e0 long terme, pas de frais cach\u00e9s !<\/span><\/p>\n<p><span style=\"color: #ffffff;\">Qu&rsquo;avez-vous \u00e0 perdre? <\/span>[\/vc_column_text][vc_single_image image=\u00a0\u00bb1835&Prime; img_size=\u00a0\u00bblarge\u00a0\u00bb][\/vc_column_inner][vc_column_inner css=\u00a0\u00bb.vc_custom_1628100522039{padding-top: 15px !important;padding-right: 25px !important;padding-bottom: 40px !important;padding-left: 25px !important;}\u00a0\u00bb offset=\u00a0\u00bbvc_col-lg-6 vc_hidden-lg vc_col-md-5 vc_hidden-md\u00a0\u00bb]<div id=\"ultimate-heading-190069da5a3f3c165\" class=\"uvc-heading ult-adjust-bottom-margin ultimate-heading-190069da5a3f3c165 uvc-1487 accent-border-color color-title\" data-hspacer=\"line_only\"  data-halign=\"left\" style=\"text-align:left\"><div class=\"uvc-main-heading ult-responsive\"  data-ultimate-target='.uvc-heading.ultimate-heading-190069da5a3f3c165 h2'  data-responsive-json-new='{\"font-size\":\"desktop:34px;\",\"line-height\":\"desktop:44px;\"}' ><h2 style=\"font-weight:bold;color:#ffffff;margin-bottom:15px;\">Inscrivez-vous aujourd'hui et soyez op\u00e9rationnel en 24 heures ou moins !<\/h2><\/div><div class=\"uvc-heading-spacer line_only\" style=\"margin-bottom:35px;height:3px;\"><span class=\"uvc-headings-line\" style=\"border-style:solid;border-bottom-width:3px;border-color:;width:200px;\"><\/span><\/div><\/div>[vc_column_text]<span style=\"color: #ffffff;\">Faire de la paperasse, r\u00e9diger des contrats, suivre l&rsquo;inventaire. Rien de tout cela ne vous rapporte de l&rsquo;argent. Cela ne fait que perdre du temps.<\/span><\/p>\n<p><span style=\"color: #ffffff;\">Inscrivez-vous aujourd&rsquo;hui, et nous aurons vous et votre \u00e9quipe op\u00e9rationnels en moins d&rsquo;une journ\u00e9e !<\/span><\/p>\n<p><span style=\"color: #ffffff;\">Pas de contrats \u00e0 long terme, pas de frais cach\u00e9s !<\/span><\/p>\n<p><span style=\"color: #ffffff;\">Qu&rsquo;avez-vous \u00e0 perdre? <\/span>[\/vc_column_text][vc_single_image image=\u00a0\u00bb1839&Prime; img_size=\u00a0\u00bblarge\u00a0\u00bb][\/vc_column_inner][vc_column_inner offset=\u00a0\u00bbvc_col-lg-6 vc_col-md-5 vc_col-xs-12&Prime; css=\u00a0\u00bb.vc_custom_1628101823563{padding-top: 0px !important;}\u00a0\u00bb]<script type=\"text\/javascript\">var gform;gform||(document.addEventListener(\"gform_main_scripts_loaded\",function(){gform.scriptsLoaded=!0}),window.addEventListener(\"DOMContentLoaded\",function(){gform.domLoaded=!0}),gform={domLoaded:!1,scriptsLoaded:!1,initializeOnLoaded:function(o){gform.domLoaded&&gform.scriptsLoaded?o():!gform.domLoaded&&gform.scriptsLoaded?window.addEventListener(\"DOMContentLoaded\",o):document.addEventListener(\"gform_main_scripts_loaded\",o)},hooks:{action:{},filter:{}},addAction:function(o,n,r,t){gform.addHook(\"action\",o,n,r,t)},addFilter:function(o,n,r,t){gform.addHook(\"filter\",o,n,r,t)},doAction:function(o){gform.doHook(\"action\",o,arguments)},applyFilters:function(o){return gform.doHook(\"filter\",o,arguments)},removeAction:function(o,n){gform.removeHook(\"action\",o,n)},removeFilter:function(o,n,r){gform.removeHook(\"filter\",o,n,r)},addHook:function(o,n,r,t,i){null==gform.hooks[o][n]&&(gform.hooks[o][n]=[]);var e=gform.hooks[o][n];null==i&&(i=n+\"_\"+e.length),gform.hooks[o][n].push({tag:i,callable:r,priority:t=null==t?10:t})},doHook:function(n,o,r){var t;if(r=Array.prototype.slice.call(r,1),null!=gform.hooks[n][o]&&((o=gform.hooks[n][o]).sort(function(o,n){return o.priority-n.priority}),o.forEach(function(o){\"function\"!=typeof(t=o.callable)&&(t=window[t]),\"action\"==n?t.apply(null,r):r[0]=t.apply(null,r)})),\"filter\"==n)return r[0]},removeHook:function(o,n,t,i){var r;null!=gform.hooks[o][n]&&(r=(r=gform.hooks[o][n]).filter(function(o,n,r){return!!(null!=i&&i!=o.tag||null!=t&&t!=o.priority)}),gform.hooks[o][n]=r)}});<\/script>\n                <div class='gf_browser_gecko gform_wrapper gform_legacy_markup_wrapper' id='gform_wrapper_47' ><div id='gf_47' class='gform_anchor' tabindex='-1'><\/div><form method='post' enctype='multipart\/form-data' target='gform_ajax_frame_47' id='gform_47'  action='\/fr\/wp-json\/wp\/v2\/pages\/2229#gf_47' novalidate>\n                        <div class='gform_body gform-body'><ul id='gform_fields_47' class='gform_fields top_label form_sublabel_below description_below'><li id=\"field_47_1\"  class=\"gfield gfield_contains_required field_sublabel_below field_description_below gfield_visibility_visible\"  data-js-reload=\"field_47_1\"><label class='gfield_label gfield_label_before_complex'  >Nom<span class=\"gfield_required\"><span class=\"gfield_required gfield_required_asterisk\">*<\/span><\/span><\/label><div class='ginput_complex ginput_container no_prefix has_first_name no_middle_name has_last_name no_suffix gf_name_has_2 ginput_container_name' id='input_47_1'>\n                            \n                            <span id='input_47_1_3_container' class='name_first' >\n                                                    <input type='text' name='input_1.3' id='input_47_1_3' value=''   aria-required='true'   placeholder='Pr\u00e9nom'  \/>\n                                                    <label for='input_47_1_3' >Pr\u00e9nom<\/label>\n                                                <\/span>\n                            \n                            <span id='input_47_1_6_container' class='name_last' >\n                                                    <input type='text' name='input_1.6' id='input_47_1_6' value=''   aria-required='true'   placeholder='Nom de famille'  \/>\n                                                    <label for='input_47_1_6' >Nom de famille<\/label>\n                                                <\/span>\n                            \n                        <\/div><\/li><li id=\"field_47_8\"  class=\"gfield gfield_contains_required field_sublabel_below field_description_below gfield_visibility_visible\"  data-js-reload=\"field_47_8\"><label class='gfield_label' for='input_47_8' >Nom du concessionnaire<span class=\"gfield_required\"><span class=\"gfield_required gfield_required_asterisk\">*<\/span><\/span><\/label><div class='ginput_container ginput_container_text'><input name='input_8' id='input_47_8' type='text' value='' class='large'     aria-required=\"true\" aria-invalid=\"false\"   \/> <\/div><\/li><li id=\"field_47_2\"  class=\"gfield gf_left_half gfield_contains_required field_sublabel_below field_description_below gfield_visibility_visible\"  data-js-reload=\"field_47_2\"><label class='gfield_label' for='input_47_2' >Courriel<span class=\"gfield_required\"><span class=\"gfield_required gfield_required_asterisk\">*<\/span><\/span><\/label><div class='ginput_container ginput_container_email'>\n                            <input name='input_2' id='input_47_2' type='email' value='' class='large'    aria-required=\"true\" aria-invalid=\"false\"  \/>\n                        <\/div><\/li><li id=\"field_47_4\"  class=\"gfield gf_right_half gfield_contains_required field_sublabel_below field_description_below gfield_visibility_visible pcafe_sp_field\"  data-field-class=\"pcafe_sp_field\" data-js-reload=\"field_47_4\"><label class='gfield_label' for='input_47_4' >T\u00e9l\u00e9phone<span class=\"gfield_required\"><span class=\"gfield_required gfield_required_asterisk\">*<\/span><\/span><\/label><div class='ginput_container ginput_container_phone' data-formid='47' data-fieldid='4' data-auto_flag='1' data-flag='flagcode' data-pre_country='none' data-de_country='us'><span class='spf-phone error-msg hide'><\/span><span class='spf-phone valid-msg hide'><\/span><input name='input_4' id='input_47_4' type='tel' value='' class='large'   aria-required=\"true\" aria-invalid=\"false\"   \/><\/div><\/li><li id=\"field_47_6\"  class=\"gfield field_sublabel_below field_description_below gfield_visibility_visible\"  data-js-reload=\"field_47_6\"><label class='gfield_label' for='input_47_6' >M\u00e9thode de contacte pr\u00e9f\u00e9r\u00e9e<\/label><div class='ginput_container ginput_container_select'><select name='input_6' id='input_47_6' class='large gfield_select'     aria-invalid=\"false\" ><option value='Courriel' selected='selected'>Courriel<\/option><option value='T\u00e9l\u00e9phone' >T\u00e9l\u00e9phone<\/option><\/select><\/div><\/li><li id=\"field_47_9\"  class=\"gfield field_sublabel_below field_description_below gfield_visibility_visible\"  data-js-reload=\"field_47_9\"><label class='gfield_label' for='input_47_9' >Utilisez vous un logiciel de gestion en ce moment? Si oui, lequel?<\/label><div class='ginput_container ginput_container_text'><input name='input_9' id='input_47_9' type='text' value='' class='large'      aria-invalid=\"false\"   \/> <\/div><\/li><li id=\"field_47_11\"  class=\"gfield field_sublabel_below field_description_below gfield_visibility_hidden\"  data-js-reload=\"field_47_11\"><div class='admin-hidden-markup'><i class='gform-icon gform-icon--hidden'><\/i><span>Hidden<\/span><\/div><label class='gfield_label' for='input_47_11' >utm_source<\/label><div class='ginput_container ginput_container_text'><input name='input_11' id='input_47_11' type='text' value='' class='medium'      aria-invalid=\"false\"   \/> <\/div><\/li><li id=\"field_47_12\"  class=\"gfield field_sublabel_below field_description_below gfield_visibility_hidden\"  data-js-reload=\"field_47_12\"><div class='admin-hidden-markup'><i class='gform-icon gform-icon--hidden'><\/i><span>Hidden<\/span><\/div><label class='gfield_label' for='input_47_12' >utm_campaign<\/label><div class='ginput_container ginput_container_text'><input name='input_12' id='input_47_12' type='text' value='' class='medium'      aria-invalid=\"false\"   \/> <\/div><\/li><li id=\"field_47_13\"  class=\"gfield field_sublabel_below field_description_below gfield_visibility_hidden\"  data-js-reload=\"field_47_13\"><div class='admin-hidden-markup'><i class='gform-icon gform-icon--hidden'><\/i><span>Hidden<\/span><\/div><label class='gfield_label' for='input_47_13' >utm_medium<\/label><div class='ginput_container ginput_container_text'><input name='input_13' id='input_47_13' type='text' value='' class='medium'      aria-invalid=\"false\"   \/> <\/div><\/li><li id=\"field_47_5\"  class=\"gfield field_sublabel_below field_description_below gfield_visibility_visible\"  data-js-reload=\"field_47_5\"><label class='gfield_label' for='input_47_5' >Message<\/label><div class='ginput_container ginput_container_textarea'><textarea name='input_5' id='input_47_5' class='textarea medium'      aria-invalid=\"false\"   rows='10' cols='50'><\/textarea><\/div><\/li><li id=\"field_47_3\"  class=\"gfield field_sublabel_below field_description_below gfield_visibility_visible\"  data-js-reload=\"field_47_3\"><label class='gfield_label' for='input_47_3' >CAPTCHA<\/label><div id='input_47_3' class='ginput_container ginput_recaptcha' data-sitekey='6LfKrlQrAAAAAG1-QQqFF0v7rVGZDSL7NGAVX5-6'  data-theme='light' data-tabindex='0'  data-badge=''><\/div><\/li><li id=\"field_47_10\"  class=\"gfield gform_hidden field_sublabel_below field_description_below gfield_visibility_visible\"  data-js-reload=\"field_47_10\"><div class='ginput_container ginput_container_text'><input name='input_10' id='input_47_10' type='hidden' class='gform_hidden'  aria-invalid=\"false\" value='https:\/\/autopro.io\/fr\/wp-json\/wp\/v2\/pages\/2229' \/><\/div><\/li><\/ul><\/div>\n        <div class='gform_footer top_label'> <input type='submit' id='gform_submit_button_47' class='gform_button button' value='Soumettre'  onclick='if(window[\"gf_submitting_47\"]){return false;}  if( !jQuery(\"#gform_47\")[0].checkValidity || jQuery(\"#gform_47\")[0].checkValidity()){window[\"gf_submitting_47\"]=true;}  ' onkeypress='if( event.keyCode == 13 ){ if(window[\"gf_submitting_47\"]){return false;} if( !jQuery(\"#gform_47\")[0].checkValidity || jQuery(\"#gform_47\")[0].checkValidity()){window[\"gf_submitting_47\"]=true;}  jQuery(\"#gform_47\").trigger(\"submit\",[true]); }' \/> <input type='hidden' name='gform_ajax' value='form_id=47&amp;title=&amp;description=&amp;tabindex=0' \/>\n            <input type='hidden' class='gform_hidden' name='is_submit_47' value='1' \/>\n            <input type='hidden' class='gform_hidden' name='gform_submit' value='47' \/>\n            \n            <input type='hidden' class='gform_hidden' name='gform_unique_id' value='' \/>\n            <input type='hidden' class='gform_hidden' name='state_47' value='WyJbXSIsImY3M2MzNGUzMzFlYzZhMjdlNmM1MTUzZmVjZTk3YjU4Il0=' \/>\n            <input type='hidden' class='gform_hidden' name='gform_target_page_number_47' id='gform_target_page_number_47' value='0' \/>\n            <input type='hidden' class='gform_hidden' name='gform_source_page_number_47' id='gform_source_page_number_47' value='1' \/>\n            <input type='hidden' name='gform_field_values' value='' \/>\n            \n        <\/div>\n                        <\/form>\n                        <\/div>\n                <iframe style='display:none;width:0px;height:0px;' src='about:blank' name='gform_ajax_frame_47' id='gform_ajax_frame_47' title='Cette iframe contient la logique n\u00e9cessaire pour manipuler Gravity Forms avec Ajax.'><\/iframe>\n                <script type=\"text\/javascript\">\n\/* <![CDATA[ *\/\n gform.initializeOnLoaded( function() {gformInitSpinner( 47, 'https:\/\/autopro.io\/wp-content\/plugins\/gravityforms\/images\/spinner.svg' );jQuery('#gform_ajax_frame_47').on('load',function(){var contents = jQuery(this).contents().find('*').html();var is_postback = contents.indexOf('GF_AJAX_POSTBACK') >= 0;if(!is_postback){return;}var form_content = jQuery(this).contents().find('#gform_wrapper_47');var is_confirmation = jQuery(this).contents().find('#gform_confirmation_wrapper_47').length > 0;var is_redirect = contents.indexOf('gformRedirect(){') >= 0;var is_form = form_content.length > 0 && ! is_redirect && ! is_confirmation;var mt = parseInt(jQuery('html').css('margin-top'), 10) + parseInt(jQuery('body').css('margin-top'), 10) + 100;if(is_form){jQuery('#gform_wrapper_47').html(form_content.html());if(form_content.hasClass('gform_validation_error')){jQuery('#gform_wrapper_47').addClass('gform_validation_error');} else {jQuery('#gform_wrapper_47').removeClass('gform_validation_error');}setTimeout( function() { \/* delay the scroll by 50 milliseconds to fix a bug in chrome *\/ jQuery(document).scrollTop(jQuery('#gform_wrapper_47').offset().top - mt); }, 50 );if(window['gformInitDatepicker']) {gformInitDatepicker();}if(window['gformInitPriceFields']) {gformInitPriceFields();}var current_page = jQuery('#gform_source_page_number_47').val();gformInitSpinner( 47, 'https:\/\/autopro.io\/wp-content\/plugins\/gravityforms\/images\/spinner.svg' );jQuery(document).trigger('gform_page_loaded', [47, current_page]);window['gf_submitting_47'] = false;}else if(!is_redirect){var confirmation_content = jQuery(this).contents().find('.GF_AJAX_POSTBACK').html();if(!confirmation_content){confirmation_content = contents;}setTimeout(function(){jQuery('#gform_wrapper_47').replaceWith(confirmation_content);jQuery(document).scrollTop(jQuery('#gf_47').offset().top - mt);jQuery(document).trigger('gform_confirmation_loaded', [47]);window['gf_submitting_47'] = false;wp.a11y.speak(jQuery('#gform_confirmation_message_47').text());}, 50);}else{jQuery('#gform_47').append(contents);if(window['gformRedirect']) {gformRedirect();}}jQuery(document).trigger('gform_post_render', [47, current_page]);} );} ); \n\/* ]]> *\/\n<\/script>\n[\/vc_column_inner][\/vc_row_inner][\/vc_column][\/vc_row]<\/p>\n<\/div>","protected":false},"excerpt":{"rendered":"<p>[vc_row bg_type=\u00a0\u00bbimage\u00a0\u00bb parallax_style=\u00a0\u00bbvcpb-default\u00a0\u00bb bg_image_new=\u00a0\u00bbid^42|url^https:\/\/autopro.io\/wp-content\/uploads\/2019\/10\/DSC_7706-3.jpg|caption^null|alt^null|title^DSC_7706-3|description^null\u00a0\u00bb bg_image_repeat=\u00a0\u00bbno-repeat\u00a0\u00bb bg_override=\u00a0\u00bbfull\u00a0\u00bb enable_overlay=\u00a0\u00bbenable_overlay_value\u00a0\u00bb overlay_color=\u00a0\u00bbrgba(0,0,0,0.65)\u00a0\u00bb overlay_pattern=\u00a0\u00bbtransperant\u00a0\u00bb type=\u00a0\u00bbvc_default\u00a0\u00bb css=\u00a0\u00bb.vc_custom_1641078340297{padding-top: 45px !important;padding-right: 25px !important;padding-bottom: 45px !important;padding-left: 25px !important;background-color: #000000 !important;}\u00a0\u00bb][vc_column][vc_single_image image=\u00a0\u00bb157&Prime; img_size=\u00a0\u00bblarge\u00a0\u00bb alignment=\u00a0\u00bbcenter\u00a0\u00bb][\/vc_column][vc_column][vc_row_inner equal_height=\u00a0\u00bbyes\u00a0\u00bb css=\u00a0\u00bb.vc_custom_1478260572138{border-top-width: 9px !important;border-right-width: 9px !important;border-bottom-width: 9px !important;border-left-width: 9px !important;padding-top: 60px !important;padding-right: 25px !important;padding-bottom: 10px !important;padding-left: 25px !important;border-left-color: rgba(255,255,255,0.3) !important;border-left-style: double !important;border-right-color: rgba(255,255,255,0.3) !important;border-right-style: double !important;border-top-color: rgba(255,255,255,0.3) !important;border-top-style: double !important;border-bottom-color: rgba(255,255,255,0.3)&hellip;<\/p>\n","protected":false},"author":2,"featured_media":0,"parent":0,"menu_order":0,"comment_status":"closed","ping_status":"closed","template":"template-microsite.php","meta":{"footnotes":""},"class_list":["post-2229","page","type-page","status-publish","hentry","description-off"],"yoast_head":"<!-- This site is optimized with the Yoast SEO plugin v25.0 - https:\/\/yoast.com\/wordpress\/plugins\/seo\/ -->\n<title>Inscrivez-vous aujourd&#039;hui! Soyez op\u00e9rationnel en moins de 24h! | AutoPro.io<\/title>\n<meta name=\"description\" content=\"Inscrivez-vous aujourd&#039;hui et soyez op\u00e9rationnel avec votre logiciel de gestion de concessionnaire automobile et votre site Web en moins de 24h!\" \/>\n<meta name=\"robots\" content=\"index, follow, max-snippet:-1, max-image-preview:large, max-video-preview:-1\" \/>\n<link rel=\"canonical\" href=\"https:\/\/autopro.io\/fr\/inscrivez-vous\/\" \/>\n<meta property=\"og:locale\" content=\"fr_FR\" \/>\n<meta property=\"og:type\" content=\"article\" \/>\n<meta property=\"og:title\" content=\"Inscrivez-vous aujourd&#039;hui! Soyez op\u00e9rationnel en moins de 24h! | AutoPro.io\" \/>\n<meta property=\"og:description\" content=\"Inscrivez-vous aujourd&#039;hui et soyez op\u00e9rationnel avec votre logiciel de gestion de concessionnaire automobile et votre site Web en moins de 24h!\" \/>\n<meta property=\"og:url\" content=\"https:\/\/autopro.io\/fr\/inscrivez-vous\/\" \/>\n<meta property=\"og:site_name\" content=\"WordPress Website\" \/>\n<meta property=\"article:modified_time\" content=\"2025-06-02T17:45:59+00:00\" \/>\n<meta name=\"twitter:card\" content=\"summary_large_image\" \/>\n<meta name=\"twitter:label1\" content=\"Dur\u00e9e de lecture estim\u00e9e\" \/>\n\t<meta name=\"twitter:data1\" content=\"2 minutes\" \/>\n<script type=\"application\/ld+json\" class=\"yoast-schema-graph\">{\"@context\":\"https:\/\/schema.org\",\"@graph\":[{\"@type\":\"WebPage\",\"@id\":\"https:\/\/autopro.io\/fr\/inscrivez-vous\/\",\"url\":\"https:\/\/autopro.io\/fr\/inscrivez-vous\/\",\"name\":\"Inscrivez-vous aujourd'hui! Soyez op\u00e9rationnel en moins de 24h! | AutoPro.io\",\"isPartOf\":{\"@id\":\"https:\/\/autopro.io\/#website\"},\"datePublished\":\"2022-01-01T22:27:31+00:00\",\"dateModified\":\"2025-06-02T17:45:59+00:00\",\"description\":\"Inscrivez-vous aujourd'hui et soyez op\u00e9rationnel avec votre logiciel de gestion de concessionnaire automobile et votre site Web en moins de 24h!\",\"breadcrumb\":{\"@id\":\"https:\/\/autopro.io\/fr\/inscrivez-vous\/#breadcrumb\"},\"inLanguage\":\"fr-FR\",\"potentialAction\":[{\"@type\":\"ReadAction\",\"target\":[\"https:\/\/autopro.io\/fr\/inscrivez-vous\/\"]}]},{\"@type\":\"BreadcrumbList\",\"@id\":\"https:\/\/autopro.io\/fr\/inscrivez-vous\/#breadcrumb\",\"itemListElement\":[{\"@type\":\"ListItem\",\"position\":1,\"name\":\"Home\",\"item\":\"https:\/\/autopro.io\/fr\/\"},{\"@type\":\"ListItem\",\"position\":2,\"name\":\"Landing Page &#8211; Inscription G\u00e9n\u00e9rique\"}]},{\"@type\":\"WebSite\",\"@id\":\"https:\/\/autopro.io\/#website\",\"url\":\"https:\/\/autopro.io\/\",\"name\":\"WordPress Website\",\"description\":\"\",\"potentialAction\":[{\"@type\":\"SearchAction\",\"target\":{\"@type\":\"EntryPoint\",\"urlTemplate\":\"https:\/\/autopro.io\/?s={search_term_string}\"},\"query-input\":{\"@type\":\"PropertyValueSpecification\",\"valueRequired\":true,\"valueName\":\"search_term_string\"}}],\"inLanguage\":\"fr-FR\"}]}<\/script>\n<!-- \/ Yoast SEO plugin. -->","yoast_head_json":{"title":"Inscrivez-vous aujourd'hui! Soyez op\u00e9rationnel en moins de 24h! | AutoPro.io","description":"Inscrivez-vous aujourd'hui et soyez op\u00e9rationnel avec votre logiciel de gestion de concessionnaire automobile et votre site Web en moins de 24h!","robots":{"index":"index","follow":"follow","max-snippet":"max-snippet:-1","max-image-preview":"max-image-preview:large","max-video-preview":"max-video-preview:-1"},"canonical":"https:\/\/autopro.io\/fr\/inscrivez-vous\/","og_locale":"fr_FR","og_type":"article","og_title":"Inscrivez-vous aujourd'hui! Soyez op\u00e9rationnel en moins de 24h! | AutoPro.io","og_description":"Inscrivez-vous aujourd'hui et soyez op\u00e9rationnel avec votre logiciel de gestion de concessionnaire automobile et votre site Web en moins de 24h!","og_url":"https:\/\/autopro.io\/fr\/inscrivez-vous\/","og_site_name":"WordPress Website","article_modified_time":"2025-06-02T17:45:59+00:00","twitter_card":"summary_large_image","twitter_misc":{"Dur\u00e9e de lecture estim\u00e9e":"2 minutes"},"schema":{"@context":"https:\/\/schema.org","@graph":[{"@type":"WebPage","@id":"https:\/\/autopro.io\/fr\/inscrivez-vous\/","url":"https:\/\/autopro.io\/fr\/inscrivez-vous\/","name":"Inscrivez-vous aujourd'hui! Soyez op\u00e9rationnel en moins de 24h! | AutoPro.io","isPartOf":{"@id":"https:\/\/autopro.io\/#website"},"datePublished":"2022-01-01T22:27:31+00:00","dateModified":"2025-06-02T17:45:59+00:00","description":"Inscrivez-vous aujourd'hui et soyez op\u00e9rationnel avec votre logiciel de gestion de concessionnaire automobile et votre site Web en moins de 24h!","breadcrumb":{"@id":"https:\/\/autopro.io\/fr\/inscrivez-vous\/#breadcrumb"},"inLanguage":"fr-FR","potentialAction":[{"@type":"ReadAction","target":["https:\/\/autopro.io\/fr\/inscrivez-vous\/"]}]},{"@type":"BreadcrumbList","@id":"https:\/\/autopro.io\/fr\/inscrivez-vous\/#breadcrumb","itemListElement":[{"@type":"ListItem","position":1,"name":"Home","item":"https:\/\/autopro.io\/fr\/"},{"@type":"ListItem","position":2,"name":"Landing Page &#8211; Inscription G\u00e9n\u00e9rique"}]},{"@type":"WebSite","@id":"https:\/\/autopro.io\/#website","url":"https:\/\/autopro.io\/","name":"WordPress Website","description":"","potentialAction":[{"@type":"SearchAction","target":{"@type":"EntryPoint","urlTemplate":"https:\/\/autopro.io\/?s={search_term_string}"},"query-input":{"@type":"PropertyValueSpecification","valueRequired":true,"valueName":"search_term_string"}}],"inLanguage":"fr-FR"}]}},"_links":{"self":[{"href":"https:\/\/autopro.io\/fr\/wp-json\/wp\/v2\/pages\/2229","targetHints":{"allow":["GET"]}}],"collection":[{"href":"https:\/\/autopro.io\/fr\/wp-json\/wp\/v2\/pages"}],"about":[{"href":"https:\/\/autopro.io\/fr\/wp-json\/wp\/v2\/types\/page"}],"author":[{"embeddable":true,"href":"https:\/\/autopro.io\/fr\/wp-json\/wp\/v2\/users\/2"}],"replies":[{"embeddable":true,"href":"https:\/\/autopro.io\/fr\/wp-json\/wp\/v2\/comments?post=2229"}],"version-history":[{"count":1,"href":"https:\/\/autopro.io\/fr\/wp-json\/wp\/v2\/pages\/2229\/revisions"}],"predecessor-version":[{"id":5472,"href":"https:\/\/autopro.io\/fr\/wp-json\/wp\/v2\/pages\/2229\/revisions\/5472"}],"wp:attachment":[{"href":"https:\/\/autopro.io\/fr\/wp-json\/wp\/v2\/media?parent=2229"}],"curies":[{"name":"wp","href":"https:\/\/api.w.org\/{rel}","templated":true}]}}