{"id":1265,"date":"2021-02-05T03:35:57","date_gmt":"2021-02-05T03:35:57","guid":{"rendered":"https:\/\/autopro.io\/?page_id=1265"},"modified":"2026-01-26T22:44:50","modified_gmt":"2026-01-26T22:44:50","slug":"gerez-facilement-linventaire-de-votre-concessionnaire-automobile","status":"publish","type":"page","link":"https:\/\/autopro.io\/fr\/fonctionnalites\/gerez-facilement-linventaire-de-votre-concessionnaire-automobile\/","title":{"rendered":"G\u00e9rez facilement l&rsquo;inventaire de votre concessionnaire automobile"},"content":{"rendered":"<div class=\"wpb-content-wrapper\"><p>[vc_row][vc_column][vc_column_text]<\/p>\n<h1 style=\"text-align: center;\">Suivez facilement l&rsquo;inventaire de votre concessionnaire automobile de l&rsquo;achat jusqu&rsquo;\u00e0 la vente!<\/h1>\n<p>[\/vc_column_text][\/vc_column][\/vc_row][vc_row gap=\u00a0\u00bb35&Prime; equal_height=\u00a0\u00bbyes\u00a0\u00bb content_placement=\u00a0\u00bbmiddle\u00a0\u00bb][vc_column width=\u00a0\u00bb1\/2&Prime; offset=\u00a0\u00bbvc_hidden-sm vc_hidden-xs\u00a0\u00bb][vc_column_text]GEM-FNI vous permet de suivre facilement votre inventaire de l&rsquo;achat jusqu&rsquo;\u00e0 la vente.<\/p>\n<p>En utilisant le d\u00e9codeur de NIV int\u00e9gr\u00e9, vous pouvez entrer un nouveau v\u00e9hicule dans le logiciel en aussi peu que 30 secondes.<\/p>\n<p>En plus des attributs standard auxquels vous vous attendriez, tels que la marque, le mod\u00e8le, l&rsquo;ann\u00e9e, vous pouvez \u00e9galement suivre des d\u00e9tails tels que le montant que vous avez pay\u00e9 pour la voiture, l&rsquo;endroit o\u00f9 vous l&rsquo;avez achet\u00e9e, le co\u00fbt de son transport jusqu&rsquo;\u00e0 votre concessionnaire et bien plus.[\/vc_column_text][\/vc_column][vc_column width=\u00a0\u00bb1\/2&Prime; offset=\u00a0\u00bbvc_hidden-sm vc_hidden-xs\u00a0\u00bb][vc_single_image image=\u00a0\u00bb1061&Prime; img_size=\u00a0\u00bblarge\u00a0\u00bb alignment=\u00a0\u00bbcenter\u00a0\u00bb][\/vc_column][vc_column offset=\u00a0\u00bbvc_hidden-lg vc_hidden-md\u00a0\u00bb][vc_column_text]<\/p>\n<p style=\"text-align: center;\">AutoPro.io vous permet de suivre facilement votre inventaire de l&rsquo;achat jusqu&rsquo;\u00e0 la vente.<\/p>\n<p style=\"text-align: center;\">En utilisant le d\u00e9codeur de NIV int\u00e9gr\u00e9, vous pouvez entrer un nouveau v\u00e9hicule dans le logiciel en aussi peu que 30 secondes.<\/p>\n<p style=\"text-align: center;\">En plus des attributs standard auxquels vous vous attendriez, tels que la marque, le mod\u00e8le, l&rsquo;ann\u00e9e, vous pouvez \u00e9galement suivre des d\u00e9tails tels que le montant que vous avez pay\u00e9 pour la voiture, l&rsquo;endroit o\u00f9 vous l&rsquo;avez achet\u00e9e, le co\u00fbt de son transport jusqu&rsquo;\u00e0 votre concessionnaire et bien plus.<\/p>\n<p>[\/vc_column_text][vc_single_image image=\u00a0\u00bb1061&Prime; img_size=\u00a0\u00bblarge\u00a0\u00bb alignment=\u00a0\u00bbcenter\u00a0\u00bb][\/vc_column][\/vc_row][vc_row gap=\u00a0\u00bb35&Prime; equal_height=\u00a0\u00bbyes\u00a0\u00bb content_placement=\u00a0\u00bbmiddle\u00a0\u00bb][vc_column width=\u00a0\u00bb1\/2&Prime; offset=\u00a0\u00bbvc_hidden-sm vc_hidden-xs\u00a0\u00bb][vc_single_image image=\u00a0\u00bb1057&Prime; img_size=\u00a0\u00bblarge\u00a0\u00bb alignment=\u00a0\u00bbcenter\u00a0\u00bb][\/vc_column][vc_column width=\u00a0\u00bb1\/2&Prime; offset=\u00a0\u00bbvc_hidden-sm vc_hidden-xs\u00a0\u00bb][vc_column_text]N\u2019est-ce pas fatiguant d\u2019avoir votre inventaire \u00e0 un endroit, vos ventes \u00e0 un autre endroit et vos donn\u00e9es client \u00e0 un troisi\u00e8me endroit?<\/p>\n<p>Et ensuite, vous devez en plus le publier sur votre site Web, qui utilise un autre syst\u00e8me s\u00e9par\u00e9.<\/p>\n<p>Avec GEM-FNI, votre logiciel de gestion se synchronise instantan\u00e9ment avec le site Web de votre concessionnaire automobile, vous facilitant grandement la t\u00e2che.<\/p>\n<p>Mieux encore, il n&rsquo;y a aucune \u00e9tape suppl\u00e9mentaire.<\/p>\n<p>D&rsquo;un simple clic, votre inventaire est publi\u00e9 ou supprim\u00e9 de votre site Web.<\/p>\n<p>C&rsquo;est aussi simple que \u00e7a.[\/vc_column_text][\/vc_column][vc_column offset=\u00a0\u00bbvc_hidden-lg vc_hidden-md\u00a0\u00bb][vc_column_text]<\/p>\n<p style=\"text-align: center;\">N\u2019est-ce pas fatiguant d\u2019avoir votre inventaire \u00e0 un endroit, vos ventes \u00e0 un autre endroit et vos donn\u00e9es client \u00e0 un troisi\u00e8me endroit?<\/p>\n<p style=\"text-align: center;\">Et ensuite, vous devez en plus le publier sur votre site Web, qui utilise un autre syst\u00e8me s\u00e9par\u00e9.<\/p>\n<p style=\"text-align: center;\">Avec AutoPro.io, votre logiciel de gestion se synchronise instantan\u00e9ment avec le site Web de votre concessionnaire automobile, vous facilitant grandement la t\u00e2che.<\/p>\n<p style=\"text-align: center;\">Mieux encore, il n&rsquo;y a aucune \u00e9tape suppl\u00e9mentaire.<\/p>\n<p style=\"text-align: center;\">D&rsquo;un simple clic, votre inventaire est publi\u00e9 ou supprim\u00e9 de votre site Web.<\/p>\n<p style=\"text-align: center;\">C&rsquo;est aussi simple que \u00e7a.<\/p>\n<p>[\/vc_column_text][vc_single_image image=\u00a0\u00bb1057&Prime; img_size=\u00a0\u00bblarge\u00a0\u00bb alignment=\u00a0\u00bbcenter\u00a0\u00bb][\/vc_column][\/vc_row][vc_row gap=\u00a0\u00bb35&Prime; equal_height=\u00a0\u00bbyes\u00a0\u00bb content_placement=\u00a0\u00bbmiddle\u00a0\u00bb][vc_column width=\u00a0\u00bb1\/2&Prime; offset=\u00a0\u00bbvc_hidden-sm vc_hidden-xs\u00a0\u00bb][vc_column_text]Lorsque nous avons con\u00e7u GEM-FNI, la facilit\u00e9 d&rsquo;utilisation \u00e9tait la priorit\u00e9.<\/p>\n<p>GEM-FNI vous fait gagner du temps en minimisant le temps n\u00e9cessaire pour effectuer des t\u00e2ches ennuyeuses et banales qui ne g\u00e9n\u00e8rent pas de ventes, telles que la saisie de votre inventaire, la mise \u00e0 jour de votre site Web, la cr\u00e9ation de rapports de base, etc.<\/p>\n<p>Plusieurs donn\u00e9es sont calcul\u00e9s automatiquement par le logiciel tel les taxes, le temps en inventaire, votre profit et bien plus encore.[\/vc_column_text][\/vc_column][vc_column width=\u00a0\u00bb1\/2&Prime; offset=\u00a0\u00bbvc_hidden-sm vc_hidden-xs\u00a0\u00bb][vc_single_image image=\u00a0\u00bb1068&Prime; img_size=\u00a0\u00bblarge\u00a0\u00bb alignment=\u00a0\u00bbcenter\u00a0\u00bb][\/vc_column][vc_column offset=\u00a0\u00bbvc_hidden-lg vc_hidden-md\u00a0\u00bb][vc_column_text]<\/p>\n<p style=\"text-align: center;\">Lorsque nous avons con\u00e7u AutoPro, la facilit\u00e9 d&rsquo;utilisation \u00e9tait la priorit\u00e9.<\/p>\n<p style=\"text-align: center;\">AutoPro vous fait gagner du temps en minimisant le temps n\u00e9cessaire pour effectuer des t\u00e2ches ennuyeuses et banales qui ne g\u00e9n\u00e8rent pas de ventes, telles que la saisie de votre inventaire, la mise \u00e0 jour de votre site Web, la cr\u00e9ation de rapports de base, etc.<\/p>\n<p style=\"text-align: center;\">Plusieurs donn\u00e9es sont calcul\u00e9s automatiquement par le logiciel tel les taxes, le temps en inventaire, votre profit et bien plus encore.<\/p>\n<p>[\/vc_column_text][vc_single_image image=\u00a0\u00bb1068&Prime; img_size=\u00a0\u00bblarge\u00a0\u00bb alignment=\u00a0\u00bbcenter\u00a0\u00bb][\/vc_column][\/vc_row][vc_row css=\u00a0\u00bb.vc_custom_1611559536074{margin-top: 50px !important;}\u00a0\u00bb][vc_column][vc_column_text]<\/p>\n<h2 style=\"text-align: center;\">Toutes ces fonctionnalit\u00e9s \u00e9tonnantes et bien plus encore pour un seul <a href=\"https:\/\/autopro.io\/fr\/tarification\/\">bas prix mensuel<\/a>.<\/h2>\n<h3 style=\"text-align: center;\">Nous sommes tellement s\u00fbrs que vous aimerez aussi GEM-FNI que vous pouvez annuler \u00e0 tout moment.<\/h3>\n<h2 style=\"text-align: center;\">Qu\u2019avez-vous \u00e0 perdre?<\/h2>\n<p>[\/vc_column_text][vc_row_inner equal_height=\u00a0\u00bbyes\u00a0\u00bb content_placement=\u00a0\u00bbmiddle\u00a0\u00bb gap=\u00a0\u00bb30&Prime;][vc_column_inner width=\u00a0\u00bb1\/3&Prime;]<style type=\"text\/css\" data-type=\"the7_shortcodes-inline-css\">#default-btn-324ac7c248dc296976c96e673fa2459c.ico-right-side > i {\n  margin-right: 0px;\n  margin-left: 8px;\n}\n#default-btn-324ac7c248dc296976c96e673fa2459c > i {\n  margin-right: 8px;\n}\n<\/style><div class=\"btn-align-center\"><a href=\"https:\/\/autopro.io\/fr\/demo-gratuite\/\" class=\"default-btn-shortcode dt-btn dt-btn-l zoomInLeft animate-element animation-builder link-hover-off \" id=\"default-btn-324ac7c248dc296976c96e673fa2459c\" title=\"D\u00e9mo Gratuite\"><span>D\u00e9mo Gratuite<\/span><\/a><\/div>[\/vc_column_inner][vc_column_inner width=\u00a0\u00bb1\/3&Prime;][vc_single_image image=\u00a0\u00bb1294&Prime; img_size=\u00a0\u00bb330&#215;222&Prime; alignment=\u00a0\u00bbcenter\u00a0\u00bb image_hovers=\u00a0\u00bbfalse\u00a0\u00bb][\/vc_column_inner][vc_column_inner width=\u00a0\u00bb1\/3&Prime;]<style type=\"text\/css\" data-type=\"the7_shortcodes-inline-css\">#default-btn-324ac7c248dc296976c96e673fa2459c.ico-right-side > i {\n  margin-right: 0px;\n  margin-left: 8px;\n}\n#default-btn-324ac7c248dc296976c96e673fa2459c > i {\n  margin-right: 8px;\n}\n<\/style><div class=\"btn-align-center\"><a href=\"https:\/\/autopro.io\/fr\/demo-gratuite\/\" class=\"default-btn-shortcode dt-btn dt-btn-l zoomInLeft animate-element animation-builder link-hover-off \" id=\"default-btn-324ac7c248dc296976c96e673fa2459c\" title=\"D\u00e9mo Gratuite\"><span>D\u00e9mo Gratuite<\/span><\/a><\/div>[\/vc_column_inner][\/vc_row_inner][\/vc_column][\/vc_row]<\/p>\n<\/div>","protected":false},"excerpt":{"rendered":"<p>[vc_row][vc_column][vc_column_text] Suivez facilement l&rsquo;inventaire de votre concessionnaire automobile de l&rsquo;achat jusqu&rsquo;\u00e0 la vente! [\/vc_column_text][\/vc_column][\/vc_row][vc_row gap=\u00a0\u00bb35&Prime; equal_height=\u00a0\u00bbyes\u00a0\u00bb content_placement=\u00a0\u00bbmiddle\u00a0\u00bb][vc_column width=\u00a0\u00bb1\/2&Prime; offset=\u00a0\u00bbvc_hidden-sm vc_hidden-xs\u00a0\u00bb][vc_column_text]GEM-FNI vous permet de suivre facilement votre inventaire de l&rsquo;achat jusqu&rsquo;\u00e0 la vente. En utilisant le d\u00e9codeur de NIV int\u00e9gr\u00e9, vous pouvez entrer un nouveau v\u00e9hicule dans le logiciel en aussi peu que 30 secondes. En&hellip;<\/p>\n","protected":false},"author":2,"featured_media":0,"parent":395,"menu_order":0,"comment_status":"closed","ping_status":"closed","template":"","meta":{"footnotes":""},"class_list":["post-1265","page","type-page","status-publish","hentry","description-off"],"yoast_head":"<!-- This site is optimized with the Yoast SEO plugin v25.0 - https:\/\/yoast.com\/wordpress\/plugins\/seo\/ -->\n<title>G\u00e9rez facilement votre inventaire automobile | AutoPro.io<\/title>\n<meta name=\"description\" content=\"Suivez facilement l\u2019inventaire de votre concessionnaire de l\u2019achat jusqu\u2019\u00e0 la vente! Saisie de donn\u00e9es facile, synchronisation et bien plus!\" \/>\n<meta name=\"robots\" content=\"index, follow, max-snippet:-1, max-image-preview:large, max-video-preview:-1\" \/>\n<link rel=\"canonical\" href=\"https:\/\/autopro.io\/fr\/fonctionnalites\/gerez-facilement-linventaire-de-votre-concessionnaire-automobile\/\" \/>\n<meta property=\"og:locale\" content=\"fr_FR\" \/>\n<meta property=\"og:type\" content=\"article\" \/>\n<meta property=\"og:title\" content=\"G\u00e9rez facilement votre inventaire automobile | AutoPro.io\" \/>\n<meta property=\"og:description\" content=\"Suivez facilement l\u2019inventaire de votre concessionnaire de l\u2019achat jusqu\u2019\u00e0 la vente! Saisie de donn\u00e9es facile, synchronisation et bien plus!\" \/>\n<meta property=\"og:url\" content=\"https:\/\/autopro.io\/fr\/fonctionnalites\/gerez-facilement-linventaire-de-votre-concessionnaire-automobile\/\" \/>\n<meta property=\"og:site_name\" content=\"WordPress Website\" \/>\n<meta property=\"article:modified_time\" content=\"2026-01-26T22:44:50+00:00\" \/>\n<meta name=\"twitter:card\" content=\"summary_large_image\" \/>\n<meta name=\"twitter:label1\" content=\"Dur\u00e9e de lecture estim\u00e9e\" \/>\n\t<meta name=\"twitter:data1\" content=\"7 minutes\" \/>\n<script type=\"application\/ld+json\" class=\"yoast-schema-graph\">{\"@context\":\"https:\/\/schema.org\",\"@graph\":[{\"@type\":\"WebPage\",\"@id\":\"https:\/\/autopro.io\/fr\/fonctionnalites\/gerez-facilement-linventaire-de-votre-concessionnaire-automobile\/\",\"url\":\"https:\/\/autopro.io\/fr\/fonctionnalites\/gerez-facilement-linventaire-de-votre-concessionnaire-automobile\/\",\"name\":\"G\u00e9rez facilement votre inventaire automobile | AutoPro.io\",\"isPartOf\":{\"@id\":\"https:\/\/autopro.io\/#website\"},\"datePublished\":\"2021-02-05T03:35:57+00:00\",\"dateModified\":\"2026-01-26T22:44:50+00:00\",\"description\":\"Suivez facilement l\u2019inventaire de votre concessionnaire de l\u2019achat jusqu\u2019\u00e0 la vente! Saisie de donn\u00e9es facile, synchronisation et bien plus!\",\"breadcrumb\":{\"@id\":\"https:\/\/autopro.io\/fr\/fonctionnalites\/gerez-facilement-linventaire-de-votre-concessionnaire-automobile\/#breadcrumb\"},\"inLanguage\":\"fr-FR\",\"potentialAction\":[{\"@type\":\"ReadAction\",\"target\":[\"https:\/\/autopro.io\/fr\/fonctionnalites\/gerez-facilement-linventaire-de-votre-concessionnaire-automobile\/\"]}]},{\"@type\":\"BreadcrumbList\",\"@id\":\"https:\/\/autopro.io\/fr\/fonctionnalites\/gerez-facilement-linventaire-de-votre-concessionnaire-automobile\/#breadcrumb\",\"itemListElement\":[{\"@type\":\"ListItem\",\"position\":1,\"name\":\"Home\",\"item\":\"https:\/\/autopro.io\/fr\/\"},{\"@type\":\"ListItem\",\"position\":2,\"name\":\"Fonctionnalit\u00e9s\",\"item\":\"https:\/\/autopro.io\/fr\/fonctionnalites\/\"},{\"@type\":\"ListItem\",\"position\":3,\"name\":\"G\u00e9rez facilement l&#8217;inventaire de votre concessionnaire automobile\"}]},{\"@type\":\"WebSite\",\"@id\":\"https:\/\/autopro.io\/#website\",\"url\":\"https:\/\/autopro.io\/\",\"name\":\"WordPress Website\",\"description\":\"\",\"potentialAction\":[{\"@type\":\"SearchAction\",\"target\":{\"@type\":\"EntryPoint\",\"urlTemplate\":\"https:\/\/autopro.io\/?s={search_term_string}\"},\"query-input\":{\"@type\":\"PropertyValueSpecification\",\"valueRequired\":true,\"valueName\":\"search_term_string\"}}],\"inLanguage\":\"fr-FR\"}]}<\/script>\n<!-- \/ Yoast SEO plugin. -->","yoast_head_json":{"title":"G\u00e9rez facilement votre inventaire automobile | AutoPro.io","description":"Suivez facilement l\u2019inventaire de votre concessionnaire de l\u2019achat jusqu\u2019\u00e0 la vente! Saisie de donn\u00e9es facile, synchronisation et bien plus!","robots":{"index":"index","follow":"follow","max-snippet":"max-snippet:-1","max-image-preview":"max-image-preview:large","max-video-preview":"max-video-preview:-1"},"canonical":"https:\/\/autopro.io\/fr\/fonctionnalites\/gerez-facilement-linventaire-de-votre-concessionnaire-automobile\/","og_locale":"fr_FR","og_type":"article","og_title":"G\u00e9rez facilement votre inventaire automobile | AutoPro.io","og_description":"Suivez facilement l\u2019inventaire de votre concessionnaire de l\u2019achat jusqu\u2019\u00e0 la vente! Saisie de donn\u00e9es facile, synchronisation et bien plus!","og_url":"https:\/\/autopro.io\/fr\/fonctionnalites\/gerez-facilement-linventaire-de-votre-concessionnaire-automobile\/","og_site_name":"WordPress Website","article_modified_time":"2026-01-26T22:44:50+00:00","twitter_card":"summary_large_image","twitter_misc":{"Dur\u00e9e de lecture estim\u00e9e":"7 minutes"},"schema":{"@context":"https:\/\/schema.org","@graph":[{"@type":"WebPage","@id":"https:\/\/autopro.io\/fr\/fonctionnalites\/gerez-facilement-linventaire-de-votre-concessionnaire-automobile\/","url":"https:\/\/autopro.io\/fr\/fonctionnalites\/gerez-facilement-linventaire-de-votre-concessionnaire-automobile\/","name":"G\u00e9rez facilement votre inventaire automobile | AutoPro.io","isPartOf":{"@id":"https:\/\/autopro.io\/#website"},"datePublished":"2021-02-05T03:35:57+00:00","dateModified":"2026-01-26T22:44:50+00:00","description":"Suivez facilement l\u2019inventaire de votre concessionnaire de l\u2019achat jusqu\u2019\u00e0 la vente! Saisie de donn\u00e9es facile, synchronisation et bien plus!","breadcrumb":{"@id":"https:\/\/autopro.io\/fr\/fonctionnalites\/gerez-facilement-linventaire-de-votre-concessionnaire-automobile\/#breadcrumb"},"inLanguage":"fr-FR","potentialAction":[{"@type":"ReadAction","target":["https:\/\/autopro.io\/fr\/fonctionnalites\/gerez-facilement-linventaire-de-votre-concessionnaire-automobile\/"]}]},{"@type":"BreadcrumbList","@id":"https:\/\/autopro.io\/fr\/fonctionnalites\/gerez-facilement-linventaire-de-votre-concessionnaire-automobile\/#breadcrumb","itemListElement":[{"@type":"ListItem","position":1,"name":"Home","item":"https:\/\/autopro.io\/fr\/"},{"@type":"ListItem","position":2,"name":"Fonctionnalit\u00e9s","item":"https:\/\/autopro.io\/fr\/fonctionnalites\/"},{"@type":"ListItem","position":3,"name":"G\u00e9rez facilement l&#8217;inventaire de votre concessionnaire automobile"}]},{"@type":"WebSite","@id":"https:\/\/autopro.io\/#website","url":"https:\/\/autopro.io\/","name":"WordPress Website","description":"","potentialAction":[{"@type":"SearchAction","target":{"@type":"EntryPoint","urlTemplate":"https:\/\/autopro.io\/?s={search_term_string}"},"query-input":{"@type":"PropertyValueSpecification","valueRequired":true,"valueName":"search_term_string"}}],"inLanguage":"fr-FR"}]}},"_links":{"self":[{"href":"https:\/\/autopro.io\/fr\/wp-json\/wp\/v2\/pages\/1265","targetHints":{"allow":["GET"]}}],"collection":[{"href":"https:\/\/autopro.io\/fr\/wp-json\/wp\/v2\/pages"}],"about":[{"href":"https:\/\/autopro.io\/fr\/wp-json\/wp\/v2\/types\/page"}],"author":[{"embeddable":true,"href":"https:\/\/autopro.io\/fr\/wp-json\/wp\/v2\/users\/2"}],"replies":[{"embeddable":true,"href":"https:\/\/autopro.io\/fr\/wp-json\/wp\/v2\/comments?post=1265"}],"version-history":[{"count":3,"href":"https:\/\/autopro.io\/fr\/wp-json\/wp\/v2\/pages\/1265\/revisions"}],"predecessor-version":[{"id":5580,"href":"https:\/\/autopro.io\/fr\/wp-json\/wp\/v2\/pages\/1265\/revisions\/5580"}],"up":[{"embeddable":true,"href":"https:\/\/autopro.io\/fr\/wp-json\/wp\/v2\/pages\/395"}],"wp:attachment":[{"href":"https:\/\/autopro.io\/fr\/wp-json\/wp\/v2\/media?parent=1265"}],"curies":[{"name":"wp","href":"https:\/\/api.w.org\/{rel}","templated":true}]}}