{"id":1263,"date":"2021-02-05T02:08:20","date_gmt":"2021-02-05T02:08:20","guid":{"rendered":"https:\/\/autopro.io\/?page_id=1263"},"modified":"2021-02-05T02:08:20","modified_gmt":"2021-02-05T02:08:20","slug":"gerez-facilement-le-site-web-de-votre-concessionnaire-auto","status":"publish","type":"page","link":"https:\/\/autopro.io\/fr\/fonctionnalites\/gerez-facilement-le-site-web-de-votre-concessionnaire-auto\/","title":{"rendered":"G\u00e9rez facilement le site web de votre concessionnaire auto"},"content":{"rendered":"<div class=\"wpb-content-wrapper\"><p>[vc_row][vc_column offset=\u00a0\u00bbvc_hidden-sm vc_hidden-xs\u00a0\u00bb][vc_column_text]<\/p>\n<h1>G\u00e9rer le site Web de votre concessionnaire auto avec GEM-FNI est incroyablement facile<\/h1>\n<p>[\/vc_column_text][vc_column_text]NB: le site Web optimis\u00e9 pour concessionnaire automobile n\u00e9cessite un abonnement <strong>Pro<\/strong> ou <strong>Expert<\/strong>. Consultez notre page de <a href=\"https:\/\/autopro.io\/fr\/tarification\/\">tarification<\/a> pour plus de d\u00e9tails sur les <a href=\"https:\/\/autopro.io\/fr\/tarification\/\">forfaits disponibles<\/a>.[\/vc_column_text][\/vc_column][vc_column offset=\u00a0\u00bbvc_hidden-lg vc_hidden-md\u00a0\u00bb][vc_column_text]<\/p>\n<h1 style=\"text-align: center;\">G\u00e9rer le site Web de votre concessionnaire auto avec AutoPro.io est incroyablement facile<\/h1>\n<p>[\/vc_column_text][vc_column_text]<\/p>\n<p style=\"text-align: center;\">NB: le site Web optimis\u00e9 pour concessionnaire automobile n\u00e9cessite un abonnement <strong>Pro<\/strong> ou <strong>Expert<\/strong>. Consultez notre page de <a href=\"https:\/\/autopro.io\/fr\/tarification\/\">tarification<\/a> pour plus de d\u00e9tails sur les <a href=\"https:\/\/autopro.io\/fr\/tarification\/\">forfaits disponibles<\/a>.<\/p>\n<p>[\/vc_column_text][\/vc_column][\/vc_row][vc_row gap=\u00a0\u00bb35&Prime; equal_height=\u00a0\u00bbyes\u00a0\u00bb content_placement=\u00a0\u00bbmiddle\u00a0\u00bb][vc_column width=\u00a0\u00bb1\/2&Prime; offset=\u00a0\u00bbvc_hidden-sm vc_hidden-xs\u00a0\u00bb][vc_column_text]Si vous vouliez passer votre temps \u00e0 travailler ou \u00e0 maintenir votre site Web, vous aurez fait carri\u00e8re en tant que devenu d\u00e9veloppeur Web non?<\/p>\n<p>Le probl\u00e8me est qu&rsquo;un site Web qui n&rsquo;est pas \u00e0 jour n&rsquo;est pas tr\u00e8s utile.<\/p>\n<p>Souvent, cela se traduit par une spirale de la mort.<\/p>\n<p>Vous redoutez de devoir mettre \u00e0 jour le site Web, alors vous le remettez \u00e0 plus tard, et \u00e7a s&rsquo;accumule.<\/p>\n<p>Ce qui augmente la crainte.<\/p>\n<p>Donc, vous le remettez un peu plus. Et vous l&rsquo;avez devin\u00e9, cela ne cesse de s&rsquo;accumuler.<\/p>\n<p>Ensuite, lorsque vous y arrivez enfin, vous devez maintenant br\u00fbler une demi-journ\u00e9e en supprimant l&rsquo;ancien inventaire et en en ajoutant de nouveaux.[\/vc_column_text][\/vc_column][vc_column width=\u00a0\u00bb1\/2&Prime; offset=\u00a0\u00bbvc_hidden-sm vc_hidden-xs\u00a0\u00bb][vc_single_image image=\u00a0\u00bb1057&Prime; img_size=\u00a0\u00bblarge\u00a0\u00bb alignment=\u00a0\u00bbcenter\u00a0\u00bb][\/vc_column][vc_column offset=\u00a0\u00bbvc_hidden-lg vc_hidden-md\u00a0\u00bb][vc_column_text]<\/p>\n<p style=\"text-align: center;\">Si vous vouliez passer votre temps \u00e0 travailler ou \u00e0 maintenir votre site Web, vous aurez fait carri\u00e8re en tant que devenu d\u00e9veloppeur Web non?<\/p>\n<p style=\"text-align: center;\">Le probl\u00e8me est qu&rsquo;un site Web qui n&rsquo;est pas \u00e0 jour n&rsquo;est pas tr\u00e8s utile.<\/p>\n<p style=\"text-align: center;\">Souvent, cela se traduit par une spirale de la mort.<\/p>\n<p style=\"text-align: center;\">Vous redoutez de devoir mettre \u00e0 jour le site Web, alors vous le remettez \u00e0 plus tard, et \u00e7a s&rsquo;accumule.<\/p>\n<p style=\"text-align: center;\">Ce qui augmente la crainte.<\/p>\n<p style=\"text-align: center;\">Donc, vous le remettez un peu plus. Et vous l&rsquo;avez devin\u00e9, cela ne cesse de s&rsquo;accumuler.<\/p>\n<p style=\"text-align: center;\">Ensuite, lorsque vous y arrivez enfin, vous devez maintenant br\u00fbler une demi-journ\u00e9e en supprimant l&rsquo;ancien inventaire et en en ajoutant de nouveaux.<\/p>\n<p>[\/vc_column_text][vc_single_image image=\u00a0\u00bb1057&Prime; img_size=\u00a0\u00bblarge\u00a0\u00bb alignment=\u00a0\u00bbcenter\u00a0\u00bb][\/vc_column][\/vc_row][vc_row gap=\u00a0\u00bb35&Prime; equal_height=\u00a0\u00bbyes\u00a0\u00bb content_placement=\u00a0\u00bbmiddle\u00a0\u00bb][vc_column width=\u00a0\u00bb1\/2&Prime; offset=\u00a0\u00bbvc_hidden-sm vc_hidden-xs\u00a0\u00bb][vc_single_image image=\u00a0\u00bb1217&Prime; img_size=\u00a0\u00bblarge\u00a0\u00bb alignment=\u00a0\u00bbcenter\u00a0\u00bb][\/vc_column][vc_column width=\u00a0\u00bb1\/2&Prime; offset=\u00a0\u00bbvc_hidden-sm vc_hidden-xs\u00a0\u00bb][vc_column_text]Nous sommes en 2021, chaque concessionnaire automobile a besoin d&rsquo;un site Web.<\/p>\n<p>Un site Web g\u00e9n\u00e9rique vaut mieux que rien, mais vous obtiendrez de meilleurs r\u00e9sultats en utilisant le bon outil pour le travail.<\/p>\n<p>Les sites Web GEM-FNI sont con\u00e7us pour les concessionnaires par des concessionnaires.<\/p>\n<p>Nous avons int\u00e9gr\u00e9 toutes les fonctionnalit\u00e9s exceptionnelles que vous attendez d&rsquo;un site Web de concessionnaire automobile moderne et avons tout combin\u00e9 en un seul et m\u00eame ensemble, \u00e0 un prix mensuel incroyable.<\/p>\n<p>Mieux encore, votre site Web est optimis\u00e9 pour les moteurs de recherche, augmentant votre classement et la visibilit\u00e9 de votre inventaire.<\/p>\n<p>GEM-FNI a \u00e9t\u00e9 con\u00e7u pour \u00eatre simple \u00e0 utiliser et ne n\u00e9cessite aucune connaissance technique.[\/vc_column_text][\/vc_column][vc_column offset=\u00a0\u00bbvc_hidden-lg vc_hidden-md\u00a0\u00bb][vc_column_text]<\/p>\n<p style=\"text-align: center;\">Nous sommes en 2021, chaque concessionnaire automobile a besoin d&rsquo;un site Web.<\/p>\n<p style=\"text-align: center;\">Un site Web g\u00e9n\u00e9rique vaut mieux que rien, mais vous obtiendrez de meilleurs r\u00e9sultats en utilisant le bon outil pour le travail.<\/p>\n<p style=\"text-align: center;\">Les sites Web AutoPro sont con\u00e7us pour les concessionnaires par des concessionnaires.<\/p>\n<p style=\"text-align: center;\">Nous avons int\u00e9gr\u00e9 toutes les fonctionnalit\u00e9s exceptionnelles que vous attendez d&rsquo;un site Web de concessionnaire automobile moderne et avons tout combin\u00e9 en un seul et m\u00eame ensemble, \u00e0 un prix mensuel incroyable.<\/p>\n<p style=\"text-align: center;\">Mieux encore, votre site Web est optimis\u00e9 pour les moteurs de recherche, augmentant votre classement et la visibilit\u00e9 de votre inventaire.<\/p>\n<p style=\"text-align: center;\">AutoPro a \u00e9t\u00e9 con\u00e7u pour \u00eatre simple \u00e0 utiliser et ne n\u00e9cessite aucune connaissance technique.<\/p>\n<p>[\/vc_column_text][vc_single_image image=\u00a0\u00bb1217&Prime; img_size=\u00a0\u00bblarge\u00a0\u00bb alignment=\u00a0\u00bbcenter\u00a0\u00bb][\/vc_column][\/vc_row][vc_row gap=\u00a0\u00bb35&Prime; equal_height=\u00a0\u00bbyes\u00a0\u00bb content_placement=\u00a0\u00bbmiddle\u00a0\u00bb][vc_column width=\u00a0\u00bb1\/2&Prime; offset=\u00a0\u00bbvc_hidden-sm vc_hidden-xs\u00a0\u00bb][vc_column_text]GEM-FNI a \u00e9t\u00e9 con\u00e7u afin de vous faire gagner du temps et de l&rsquo;argent.<\/p>\n<p>Nous voulions rendre la gestion du site Web de votre concessionnaire automobile aussi simple que possible.<\/p>\n<p>Nous ne pensons pas non plus qu&rsquo;un site Web de qualit\u00e9 devrait co\u00fbter cher non plus.<\/p>\n<p>Avec GEM-FNI, l&rsquo;ajout d&rsquo;une voiture \u00e0 votre site Web ne prend aussi peu que 30 secondes.<\/p>\n<p>Le t\u00e9l\u00e9chargement de photos est un jeu d&rsquo;enfant et peut \u00eatre effectu\u00e9 \u00e0 partir de votre ordinateur, tablette ou t\u00e9l\u00e9phone mobile.<\/p>\n<p>Mieux encore, votre site Web s&rsquo;am\u00e9liore constamment avec nos mises \u00e0 jour \u00e0 vie, pour un co\u00fbt suppl\u00e9mentaire de 0 $.<\/p>\n<p>Si vous connaissez un produit de meilleure qualit\u00e9, \u00e0 meilleur prix, <a href=\"https:\/\/autopro.io\/fr\/nous-joindre\/\">contactez-nous<\/a>, nous aimerions les conna\u00eetre aussi![\/vc_column_text][\/vc_column][vc_column width=\u00a0\u00bb1\/2&Prime; offset=\u00a0\u00bbvc_hidden-sm vc_hidden-xs\u00a0\u00bb][vc_single_image image=\u00a0\u00bb1068&Prime; img_size=\u00a0\u00bblarge\u00a0\u00bb alignment=\u00a0\u00bbcenter\u00a0\u00bb][\/vc_column][vc_column offset=\u00a0\u00bbvc_hidden-lg vc_hidden-md\u00a0\u00bb][vc_column_text]<\/p>\n<p style=\"text-align: center;\">AutoPro.io a \u00e9t\u00e9 con\u00e7u afin de vous faire gagner du temps et de l&rsquo;argent.<\/p>\n<p style=\"text-align: center;\">Nous voulions rendre la gestion du site Web de votre concessionnaire automobile aussi simple que possible.<\/p>\n<p style=\"text-align: center;\">Nous ne pensons pas non plus qu&rsquo;un site Web de qualit\u00e9 devrait co\u00fbter ch\u00e8r non plus.<\/p>\n<p style=\"text-align: center;\">Avec AutoPro, l&rsquo;ajout d&rsquo;une voiture \u00e0 votre site Web ne prend aussi peu que 30 secondes.<\/p>\n<p style=\"text-align: center;\">Le t\u00e9l\u00e9chargement de photos est un jeu d&rsquo;enfant et peut \u00eatre effectu\u00e9 \u00e0 partir de votre ordinateur, tablette ou t\u00e9l\u00e9phone mobile.<\/p>\n<p style=\"text-align: center;\">Mieux encore, votre site Web s&rsquo;am\u00e9liore constamment avec nos mises \u00e0 jour \u00e0 vie, pour un co\u00fbt suppl\u00e9mentaire de 0 $.<\/p>\n<p style=\"text-align: center;\">Si vous connaissez un produit de meilleure qualit\u00e9, \u00e0 meilleur prix, <a href=\"https:\/\/autopro.io\/fr\/nous-joindre\/\">contactez-nous<\/a>, nous aimerions les conna\u00eetre aussi!<\/p>\n<p>[\/vc_column_text][vc_single_image image=\u00a0\u00bb1068&Prime; img_size=\u00a0\u00bblarge\u00a0\u00bb alignment=\u00a0\u00bbcenter\u00a0\u00bb][\/vc_column][\/vc_row][vc_row css=\u00a0\u00bb.vc_custom_1611559536074{margin-top: 50px !important;}\u00a0\u00bb][vc_column][vc_column_text]<\/p>\n<h2 style=\"text-align: center;\">Toutes ces fonctionnalit\u00e9s \u00e9tonnantes et bien plus encore pour un seul <a href=\"https:\/\/autopro.io\/fr\/tarification\/\">bas prix mensuel<\/a>.<\/h2>\n<h3 style=\"text-align: center;\">Nous sommes tellement s\u00fbrs que vous aimerez aussi AutoPro que vous pouvez annuler \u00e0 tout moment.<\/h3>\n<h2 style=\"text-align: center;\">Qu&rsquo;avez-vous \u00e0 perdre?<\/h2>\n<p>[\/vc_column_text][vc_row_inner equal_height=\u00a0\u00bbyes\u00a0\u00bb content_placement=\u00a0\u00bbmiddle\u00a0\u00bb][vc_column_inner]<style type=\"text\/css\" data-type=\"the7_shortcodes-inline-css\">#default-btn-4498ea4cca5f8980e8a07069e1b4228f.ico-right-side > i {\n  margin-right: 0px;\n  margin-left: 8px;\n}\n#default-btn-4498ea4cca5f8980e8a07069e1b4228f > i {\n  margin-right: 8px;\n}\n<\/style><div class=\"btn-align-center\"><a href=\"https:\/\/autopro.io\/fr\/demo-gratuite\/\" class=\"default-btn-shortcode dt-btn dt-btn-l zoomInLeft animate-element animation-builder link-hover-off \" id=\"default-btn-4498ea4cca5f8980e8a07069e1b4228f\" title=\"Sign Up Now\"><span>D\u00e9mo Gratuite<\/span><\/a><\/div>[\/vc_column_inner][\/vc_row_inner][\/vc_column][\/vc_row]<\/p>\n<\/div>","protected":false},"excerpt":{"rendered":"<p>[vc_row][vc_column offset=\u00a0\u00bbvc_hidden-sm vc_hidden-xs\u00a0\u00bb][vc_column_text] G\u00e9rer le site Web de votre concessionnaire auto avec GEM-FNI est incroyablement facile [\/vc_column_text][vc_column_text]NB: le site Web optimis\u00e9 pour concessionnaire automobile n\u00e9cessite un abonnement Pro ou Expert. Consultez notre page de tarification pour plus de d\u00e9tails sur les forfaits disponibles.[\/vc_column_text][\/vc_column][vc_column offset=\u00a0\u00bbvc_hidden-lg vc_hidden-md\u00a0\u00bb][vc_column_text] G\u00e9rer le site Web de votre concessionnaire auto avec AutoPro.io&hellip;<\/p>\n","protected":false},"author":2,"featured_media":0,"parent":395,"menu_order":0,"comment_status":"closed","ping_status":"closed","template":"","meta":{"footnotes":""},"class_list":["post-1263","page","type-page","status-publish","hentry","description-off"],"yoast_head":"<!-- This site is optimized with the Yoast SEO plugin v25.0 - https:\/\/yoast.com\/wordpress\/plugins\/seo\/ -->\n<title>G\u00e9rez facilement le site web de votre concessionnaire auto | AutoPro.io<\/title>\n<meta name=\"description\" content=\"En plus du logiciel de gestion, obtenez un site web plein de fonctionnalit\u00e9 et optimis\u00e9 pour votre concessionnaire automobile.\" \/>\n<meta name=\"robots\" content=\"index, follow, max-snippet:-1, max-image-preview:large, max-video-preview:-1\" \/>\n<link rel=\"canonical\" href=\"https:\/\/autopro.io\/fr\/fonctionnalites\/gerez-facilement-le-site-web-de-votre-concessionnaire-auto\/\" \/>\n<meta property=\"og:locale\" content=\"fr_FR\" \/>\n<meta property=\"og:type\" content=\"article\" \/>\n<meta property=\"og:title\" content=\"G\u00e9rez facilement le site web de votre concessionnaire auto | AutoPro.io\" \/>\n<meta property=\"og:description\" content=\"En plus du logiciel de gestion, obtenez un site web plein de fonctionnalit\u00e9 et optimis\u00e9 pour votre concessionnaire automobile.\" \/>\n<meta property=\"og:url\" content=\"https:\/\/autopro.io\/fr\/fonctionnalites\/gerez-facilement-le-site-web-de-votre-concessionnaire-auto\/\" \/>\n<meta property=\"og:site_name\" content=\"WordPress Website\" \/>\n<meta name=\"twitter:card\" content=\"summary_large_image\" \/>\n<meta name=\"twitter:label1\" content=\"Dur\u00e9e de lecture estim\u00e9e\" \/>\n\t<meta name=\"twitter:data1\" content=\"4 minutes\" \/>\n<script type=\"application\/ld+json\" class=\"yoast-schema-graph\">{\"@context\":\"https:\/\/schema.org\",\"@graph\":[{\"@type\":\"WebPage\",\"@id\":\"https:\/\/autopro.io\/fr\/fonctionnalites\/gerez-facilement-le-site-web-de-votre-concessionnaire-auto\/\",\"url\":\"https:\/\/autopro.io\/fr\/fonctionnalites\/gerez-facilement-le-site-web-de-votre-concessionnaire-auto\/\",\"name\":\"G\u00e9rez facilement le site web de votre concessionnaire auto | AutoPro.io\",\"isPartOf\":{\"@id\":\"https:\/\/autopro.io\/#website\"},\"datePublished\":\"2021-02-05T02:08:20+00:00\",\"description\":\"En plus du logiciel de gestion, obtenez un site web plein de fonctionnalit\u00e9 et optimis\u00e9 pour votre concessionnaire automobile.\",\"breadcrumb\":{\"@id\":\"https:\/\/autopro.io\/fr\/fonctionnalites\/gerez-facilement-le-site-web-de-votre-concessionnaire-auto\/#breadcrumb\"},\"inLanguage\":\"fr-FR\",\"potentialAction\":[{\"@type\":\"ReadAction\",\"target\":[\"https:\/\/autopro.io\/fr\/fonctionnalites\/gerez-facilement-le-site-web-de-votre-concessionnaire-auto\/\"]}]},{\"@type\":\"BreadcrumbList\",\"@id\":\"https:\/\/autopro.io\/fr\/fonctionnalites\/gerez-facilement-le-site-web-de-votre-concessionnaire-auto\/#breadcrumb\",\"itemListElement\":[{\"@type\":\"ListItem\",\"position\":1,\"name\":\"Home\",\"item\":\"https:\/\/autopro.io\/fr\/\"},{\"@type\":\"ListItem\",\"position\":2,\"name\":\"Fonctionnalit\u00e9s\",\"item\":\"https:\/\/autopro.io\/fr\/fonctionnalites\/\"},{\"@type\":\"ListItem\",\"position\":3,\"name\":\"G\u00e9rez facilement le site web de votre concessionnaire auto\"}]},{\"@type\":\"WebSite\",\"@id\":\"https:\/\/autopro.io\/#website\",\"url\":\"https:\/\/autopro.io\/\",\"name\":\"WordPress Website\",\"description\":\"\",\"potentialAction\":[{\"@type\":\"SearchAction\",\"target\":{\"@type\":\"EntryPoint\",\"urlTemplate\":\"https:\/\/autopro.io\/?s={search_term_string}\"},\"query-input\":{\"@type\":\"PropertyValueSpecification\",\"valueRequired\":true,\"valueName\":\"search_term_string\"}}],\"inLanguage\":\"fr-FR\"}]}<\/script>\n<!-- \/ Yoast SEO plugin. -->","yoast_head_json":{"title":"G\u00e9rez facilement le site web de votre concessionnaire auto | AutoPro.io","description":"En plus du logiciel de gestion, obtenez un site web plein de fonctionnalit\u00e9 et optimis\u00e9 pour votre concessionnaire automobile.","robots":{"index":"index","follow":"follow","max-snippet":"max-snippet:-1","max-image-preview":"max-image-preview:large","max-video-preview":"max-video-preview:-1"},"canonical":"https:\/\/autopro.io\/fr\/fonctionnalites\/gerez-facilement-le-site-web-de-votre-concessionnaire-auto\/","og_locale":"fr_FR","og_type":"article","og_title":"G\u00e9rez facilement le site web de votre concessionnaire auto | AutoPro.io","og_description":"En plus du logiciel de gestion, obtenez un site web plein de fonctionnalit\u00e9 et optimis\u00e9 pour votre concessionnaire automobile.","og_url":"https:\/\/autopro.io\/fr\/fonctionnalites\/gerez-facilement-le-site-web-de-votre-concessionnaire-auto\/","og_site_name":"WordPress Website","twitter_card":"summary_large_image","twitter_misc":{"Dur\u00e9e de lecture estim\u00e9e":"4 minutes"},"schema":{"@context":"https:\/\/schema.org","@graph":[{"@type":"WebPage","@id":"https:\/\/autopro.io\/fr\/fonctionnalites\/gerez-facilement-le-site-web-de-votre-concessionnaire-auto\/","url":"https:\/\/autopro.io\/fr\/fonctionnalites\/gerez-facilement-le-site-web-de-votre-concessionnaire-auto\/","name":"G\u00e9rez facilement le site web de votre concessionnaire auto | AutoPro.io","isPartOf":{"@id":"https:\/\/autopro.io\/#website"},"datePublished":"2021-02-05T02:08:20+00:00","description":"En plus du logiciel de gestion, obtenez un site web plein de fonctionnalit\u00e9 et optimis\u00e9 pour votre concessionnaire automobile.","breadcrumb":{"@id":"https:\/\/autopro.io\/fr\/fonctionnalites\/gerez-facilement-le-site-web-de-votre-concessionnaire-auto\/#breadcrumb"},"inLanguage":"fr-FR","potentialAction":[{"@type":"ReadAction","target":["https:\/\/autopro.io\/fr\/fonctionnalites\/gerez-facilement-le-site-web-de-votre-concessionnaire-auto\/"]}]},{"@type":"BreadcrumbList","@id":"https:\/\/autopro.io\/fr\/fonctionnalites\/gerez-facilement-le-site-web-de-votre-concessionnaire-auto\/#breadcrumb","itemListElement":[{"@type":"ListItem","position":1,"name":"Home","item":"https:\/\/autopro.io\/fr\/"},{"@type":"ListItem","position":2,"name":"Fonctionnalit\u00e9s","item":"https:\/\/autopro.io\/fr\/fonctionnalites\/"},{"@type":"ListItem","position":3,"name":"G\u00e9rez facilement le site web de votre concessionnaire auto"}]},{"@type":"WebSite","@id":"https:\/\/autopro.io\/#website","url":"https:\/\/autopro.io\/","name":"WordPress Website","description":"","potentialAction":[{"@type":"SearchAction","target":{"@type":"EntryPoint","urlTemplate":"https:\/\/autopro.io\/?s={search_term_string}"},"query-input":{"@type":"PropertyValueSpecification","valueRequired":true,"valueName":"search_term_string"}}],"inLanguage":"fr-FR"}]}},"_links":{"self":[{"href":"https:\/\/autopro.io\/fr\/wp-json\/wp\/v2\/pages\/1263","targetHints":{"allow":["GET"]}}],"collection":[{"href":"https:\/\/autopro.io\/fr\/wp-json\/wp\/v2\/pages"}],"about":[{"href":"https:\/\/autopro.io\/fr\/wp-json\/wp\/v2\/types\/page"}],"author":[{"embeddable":true,"href":"https:\/\/autopro.io\/fr\/wp-json\/wp\/v2\/users\/2"}],"replies":[{"embeddable":true,"href":"https:\/\/autopro.io\/fr\/wp-json\/wp\/v2\/comments?post=1263"}],"version-history":[{"count":1,"href":"https:\/\/autopro.io\/fr\/wp-json\/wp\/v2\/pages\/1263\/revisions"}],"predecessor-version":[{"id":5427,"href":"https:\/\/autopro.io\/fr\/wp-json\/wp\/v2\/pages\/1263\/revisions\/5427"}],"up":[{"embeddable":true,"href":"https:\/\/autopro.io\/fr\/wp-json\/wp\/v2\/pages\/395"}],"wp:attachment":[{"href":"https:\/\/autopro.io\/fr\/wp-json\/wp\/v2\/media?parent=1263"}],"curies":[{"name":"wp","href":"https:\/\/api.w.org\/{rel}","templated":true}]}}