{"id":2743,"date":"2022-03-21T05:52:26","date_gmt":"2022-03-21T05:52:26","guid":{"rendered":"https:\/\/autopro.io\/?page_id=2743"},"modified":"2022-03-21T05:52:26","modified_gmt":"2022-03-21T05:52:26","slug":"blog","status":"publish","type":"page","link":"https:\/\/autopro.io\/es\/blog\/","title":{"rendered":"Blog"},"content":{"rendered":"<div class=\"wpb-content-wrapper\"><p>[vc_row][vc_column][vc_basic_grid post_type=\u00bbpost\u00bb max_items=\u00bb-1&#8243; style=\u00bbload-more\u00bb items_per_page=\u00bb9&#8243; show_filter=\u00bbyes\u00bb grid_id=\u00bbvc_gid:1647841872552-a4f0118c-4bf7-10&#8243; filter_source=\u00bbcategory\u00bb][\/vc_column][\/vc_row][vc_row][vc_column][vc_separator el_width=\u00bb60&#8243; css=\u00bb.vc_custom_1614324888761{margin-top: 35px !important;margin-bottom: 35px !important;}\u00bb][\/vc_column][\/vc_row][vc_row css=\u00bb.vc_custom_1611559536074{margin-top: 50px !important;}\u00bb][vc_column][vc_column_text]<\/p>\n<h2 style=\"text-align: center;\">Todas estas incre\u00edbles caracter\u00edsticas y mucho m\u00e1s por un <a href=\"https:\/\/autopro.io\/es\/precios\/\">precio mensual bajo<\/a>.<\/h2>\n<h3 style=\"text-align: center;\">Estamos tan seguros de que tambi\u00e9n le encantar\u00e1 AutoPro, que puede cancelarlo en cualquier momento. \u00bfQu\u00e9 puede perder?<\/h3>\n<p>[\/vc_column_text][vc_row_inner equal_height=\u00bbyes\u00bb content_placement=\u00bbmiddle\u00bb][vc_column_inner width=\u00bb1\/3&#8243;]<style type=\"text\/css\" data-type=\"the7_shortcodes-inline-css\">#default-btn-f5c1048c9f2b1c7d7c4351b0519b05b3.ico-right-side > i {\n  margin-right: 0px;\n  margin-left: 8px;\n}\n#default-btn-f5c1048c9f2b1c7d7c4351b0519b05b3 > i {\n  margin-right: 8px;\n}\n<\/style><div class=\"btn-align-center\"><a href=\"https:\/\/autopro.io\/es\/registrate-ahora\/\" class=\"default-btn-shortcode dt-btn dt-btn-l zoomInLeft animate-element animation-builder link-hover-off \" id=\"default-btn-f5c1048c9f2b1c7d7c4351b0519b05b3\" title=\"Reg\u00edstrate ahora\"><span>Reg\u00edstrate ahora<\/span><\/a><\/div>[\/vc_column_inner][vc_column_inner width=\u00bb1\/3&#8243;][vc_single_image image=\u00bb1230&#8243; img_size=\u00bb330&#215;222&#8243; alignment=\u00bbcenter\u00bb][\/vc_column_inner][vc_column_inner width=\u00bb1\/3&#8243;]<style type=\"text\/css\" data-type=\"the7_shortcodes-inline-css\">#default-btn-807ed97babc234af5ae4b364b2a8c622.ico-right-side > i {\n  margin-right: 0px;\n  margin-left: 8px;\n}\n#default-btn-807ed97babc234af5ae4b364b2a8c622 > i {\n  margin-right: 8px;\n}\n<\/style><div class=\"btn-align-center\"><a href=\"https:\/\/autopro.io\/es\/prueba-gratis\/\" class=\"default-btn-shortcode dt-btn dt-btn-l zoomInLeft animate-element animation-builder link-hover-off \" id=\"default-btn-807ed97babc234af5ae4b364b2a8c622\" title=\"Demostraci\u00f3n GRATIS\"><span>Demostraci\u00f3n GRATIS<\/span><\/a><\/div>[\/vc_column_inner][\/vc_row_inner][\/vc_column][\/vc_row]<\/p>\n<\/div>","protected":false},"excerpt":{"rendered":"<p>[vc_row][vc_column][vc_basic_grid post_type=\u00bbpost\u00bb max_items=\u00bb-1&#8243; style=\u00bbload-more\u00bb items_per_page=\u00bb9&#8243; show_filter=\u00bbyes\u00bb grid_id=\u00bbvc_gid:1647841872552-a4f0118c-4bf7-10&#8243; filter_source=\u00bbcategory\u00bb][\/vc_column][\/vc_row][vc_row][vc_column][vc_separator el_width=\u00bb60&#8243; css=\u00bb.vc_custom_1614324888761{margin-top: 35px !important;margin-bottom: 35px !important;}\u00bb][\/vc_column][\/vc_row][vc_row css=\u00bb.vc_custom_1611559536074{margin-top: 50px !important;}\u00bb][vc_column][vc_column_text] Todas estas incre\u00edbles caracter\u00edsticas y mucho m\u00e1s por un precio mensual bajo. Estamos tan seguros de que tambi\u00e9n le encantar\u00e1 AutoPro, que puede cancelarlo en cualquier momento. \u00bfQu\u00e9 puede perder? [\/vc_column_text][vc_row_inner equal_height=\u00bbyes\u00bb content_placement=\u00bbmiddle\u00bb][vc_column_inner width=\u00bb1\/3&#8243;][\/vc_column_inner][vc_column_inner width=\u00bb1\/3&#8243;][vc_single_image image=\u00bb1230&#8243; img_size=\u00bb330&#215;222&#8243; alignment=\u00bbcenter\u00bb][\/vc_column_inner][vc_column_inner&hellip;<\/p>\n","protected":false},"author":2,"featured_media":0,"parent":0,"menu_order":0,"comment_status":"closed","ping_status":"closed","template":"","meta":{"footnotes":""},"class_list":["post-2743","page","type-page","status-publish","hentry","description-off"],"yoast_head":"<!-- This site is optimized with the Yoast SEO plugin v25.0 - https:\/\/yoast.com\/wordpress\/plugins\/seo\/ -->\n<title>Blog - WordPress Website<\/title>\n<meta name=\"robots\" content=\"index, follow, max-snippet:-1, max-image-preview:large, max-video-preview:-1\" \/>\n<link rel=\"canonical\" href=\"https:\/\/autopro.io\/es\/blog\/\" \/>\n<meta property=\"og:locale\" content=\"es_ES\" \/>\n<meta property=\"og:type\" content=\"article\" \/>\n<meta property=\"og:title\" content=\"Blog - WordPress Website\" \/>\n<meta property=\"og:description\" content=\"[vc_row][vc_column][vc_basic_grid post_type=\u00bbpost\u00bb max_items=\u00bb-1&#8243; style=\u00bbload-more\u00bb items_per_page=\u00bb9&#8243; show_filter=\u00bbyes\u00bb grid_id=\u00bbvc_gid:1647841872552-a4f0118c-4bf7-10&#8243; filter_source=\u00bbcategory\u00bb][\/vc_column][\/vc_row][vc_row][vc_column][vc_separator el_width=\u00bb60&#8243; css=\u00bb.vc_custom_1614324888761{margin-top: 35px !important;margin-bottom: 35px !important;}\u00bb][\/vc_column][\/vc_row][vc_row css=\u00bb.vc_custom_1611559536074{margin-top: 50px !important;}\u00bb][vc_column][vc_column_text] Todas estas incre\u00edbles caracter\u00edsticas y mucho m\u00e1s por un precio mensual bajo. Estamos tan seguros de que tambi\u00e9n le encantar\u00e1 AutoPro, que puede cancelarlo en cualquier momento. \u00bfQu\u00e9 puede perder? [\/vc_column_text][vc_row_inner equal_height=\u00bbyes\u00bb content_placement=\u00bbmiddle\u00bb][vc_column_inner width=\u00bb1\/3&#8243;][\/vc_column_inner][vc_column_inner width=\u00bb1\/3&#8243;][vc_single_image image=\u00bb1230&#8243; img_size=\u00bb330&#215;222&#8243; alignment=\u00bbcenter\u00bb][\/vc_column_inner][vc_column_inner&hellip;\" \/>\n<meta property=\"og:url\" content=\"https:\/\/autopro.io\/es\/blog\/\" \/>\n<meta property=\"og:site_name\" content=\"WordPress Website\" \/>\n<meta name=\"twitter:card\" content=\"summary_large_image\" \/>\n<meta name=\"twitter:label1\" content=\"Tiempo de lectura\" \/>\n\t<meta name=\"twitter:data1\" content=\"1 minuto\" \/>\n<script type=\"application\/ld+json\" class=\"yoast-schema-graph\">{\"@context\":\"https:\/\/schema.org\",\"@graph\":[{\"@type\":\"WebPage\",\"@id\":\"https:\/\/autopro.io\/es\/blog\/\",\"url\":\"https:\/\/autopro.io\/es\/blog\/\",\"name\":\"Blog - WordPress Website\",\"isPartOf\":{\"@id\":\"https:\/\/autopro.io\/#website\"},\"datePublished\":\"2022-03-21T05:52:26+00:00\",\"breadcrumb\":{\"@id\":\"https:\/\/autopro.io\/es\/blog\/#breadcrumb\"},\"inLanguage\":\"es\",\"potentialAction\":[{\"@type\":\"ReadAction\",\"target\":[\"https:\/\/autopro.io\/es\/blog\/\"]}]},{\"@type\":\"BreadcrumbList\",\"@id\":\"https:\/\/autopro.io\/es\/blog\/#breadcrumb\",\"itemListElement\":[{\"@type\":\"ListItem\",\"position\":1,\"name\":\"Home\",\"item\":\"https:\/\/autopro.io\/es\/\"},{\"@type\":\"ListItem\",\"position\":2,\"name\":\"Blog\"}]},{\"@type\":\"WebSite\",\"@id\":\"https:\/\/autopro.io\/#website\",\"url\":\"https:\/\/autopro.io\/\",\"name\":\"WordPress Website\",\"description\":\"\",\"potentialAction\":[{\"@type\":\"SearchAction\",\"target\":{\"@type\":\"EntryPoint\",\"urlTemplate\":\"https:\/\/autopro.io\/?s={search_term_string}\"},\"query-input\":{\"@type\":\"PropertyValueSpecification\",\"valueRequired\":true,\"valueName\":\"search_term_string\"}}],\"inLanguage\":\"es\"}]}<\/script>\n<!-- \/ Yoast SEO plugin. -->","yoast_head_json":{"title":"Blog - WordPress Website","robots":{"index":"index","follow":"follow","max-snippet":"max-snippet:-1","max-image-preview":"max-image-preview:large","max-video-preview":"max-video-preview:-1"},"canonical":"https:\/\/autopro.io\/es\/blog\/","og_locale":"es_ES","og_type":"article","og_title":"Blog - WordPress Website","og_description":"[vc_row][vc_column][vc_basic_grid post_type=\u00bbpost\u00bb max_items=\u00bb-1&#8243; style=\u00bbload-more\u00bb items_per_page=\u00bb9&#8243; show_filter=\u00bbyes\u00bb grid_id=\u00bbvc_gid:1647841872552-a4f0118c-4bf7-10&#8243; filter_source=\u00bbcategory\u00bb][\/vc_column][\/vc_row][vc_row][vc_column][vc_separator el_width=\u00bb60&#8243; css=\u00bb.vc_custom_1614324888761{margin-top: 35px !important;margin-bottom: 35px !important;}\u00bb][\/vc_column][\/vc_row][vc_row css=\u00bb.vc_custom_1611559536074{margin-top: 50px !important;}\u00bb][vc_column][vc_column_text] Todas estas incre\u00edbles caracter\u00edsticas y mucho m\u00e1s por un precio mensual bajo. Estamos tan seguros de que tambi\u00e9n le encantar\u00e1 AutoPro, que puede cancelarlo en cualquier momento. \u00bfQu\u00e9 puede perder? [\/vc_column_text][vc_row_inner equal_height=\u00bbyes\u00bb content_placement=\u00bbmiddle\u00bb][vc_column_inner width=\u00bb1\/3&#8243;][\/vc_column_inner][vc_column_inner width=\u00bb1\/3&#8243;][vc_single_image image=\u00bb1230&#8243; img_size=\u00bb330&#215;222&#8243; alignment=\u00bbcenter\u00bb][\/vc_column_inner][vc_column_inner&hellip;","og_url":"https:\/\/autopro.io\/es\/blog\/","og_site_name":"WordPress Website","twitter_card":"summary_large_image","twitter_misc":{"Tiempo de lectura":"1 minuto"},"schema":{"@context":"https:\/\/schema.org","@graph":[{"@type":"WebPage","@id":"https:\/\/autopro.io\/es\/blog\/","url":"https:\/\/autopro.io\/es\/blog\/","name":"Blog - WordPress Website","isPartOf":{"@id":"https:\/\/autopro.io\/#website"},"datePublished":"2022-03-21T05:52:26+00:00","breadcrumb":{"@id":"https:\/\/autopro.io\/es\/blog\/#breadcrumb"},"inLanguage":"es","potentialAction":[{"@type":"ReadAction","target":["https:\/\/autopro.io\/es\/blog\/"]}]},{"@type":"BreadcrumbList","@id":"https:\/\/autopro.io\/es\/blog\/#breadcrumb","itemListElement":[{"@type":"ListItem","position":1,"name":"Home","item":"https:\/\/autopro.io\/es\/"},{"@type":"ListItem","position":2,"name":"Blog"}]},{"@type":"WebSite","@id":"https:\/\/autopro.io\/#website","url":"https:\/\/autopro.io\/","name":"WordPress Website","description":"","potentialAction":[{"@type":"SearchAction","target":{"@type":"EntryPoint","urlTemplate":"https:\/\/autopro.io\/?s={search_term_string}"},"query-input":{"@type":"PropertyValueSpecification","valueRequired":true,"valueName":"search_term_string"}}],"inLanguage":"es"}]}},"_links":{"self":[{"href":"https:\/\/autopro.io\/es\/wp-json\/wp\/v2\/pages\/2743","targetHints":{"allow":["GET"]}}],"collection":[{"href":"https:\/\/autopro.io\/es\/wp-json\/wp\/v2\/pages"}],"about":[{"href":"https:\/\/autopro.io\/es\/wp-json\/wp\/v2\/types\/page"}],"author":[{"embeddable":true,"href":"https:\/\/autopro.io\/es\/wp-json\/wp\/v2\/users\/2"}],"replies":[{"embeddable":true,"href":"https:\/\/autopro.io\/es\/wp-json\/wp\/v2\/comments?post=2743"}],"version-history":[{"count":0,"href":"https:\/\/autopro.io\/es\/wp-json\/wp\/v2\/pages\/2743\/revisions"}],"wp:attachment":[{"href":"https:\/\/autopro.io\/es\/wp-json\/wp\/v2\/media?parent=2743"}],"curies":[{"name":"wp","href":"https:\/\/api.w.org\/{rel}","templated":true}]}}