{"id":2719,"date":"2022-03-20T19:13:35","date_gmt":"2022-03-20T19:13:35","guid":{"rendered":"https:\/\/autopro.io\/?page_id=2719"},"modified":"2022-03-20T19:13:35","modified_gmt":"2022-03-20T19:13:35","slug":"gestione-facilmente-su-sitio-web-de-concesionario-automovil","status":"publish","type":"page","link":"https:\/\/autopro.io\/es\/caracteristicas\/gestione-facilmente-su-sitio-web-de-concesionario-automovil\/","title":{"rendered":"Gesti\u00f3ne f\u00e1cilmente su sitio web de concesionario autom\u00f3vil"},"content":{"rendered":"<div class=\"wpb-content-wrapper\"><p>[vc_row][vc_column offset=\u00bbvc_hidden-sm vc_hidden-xs\u00bb][vc_column_text]<\/p>\n<h1 style=\"text-align: center;\">GEM-FNI facilita la gesti\u00f3n del sitio web de su concesionario<\/h1>\n<p>[\/vc_column_text][vc_column_text]<\/p>\n<p style=\"text-align: center;\">Tenga en cuenta: El sitio web optimizado del concesionario de autom\u00f3viles requiere una suscripci\u00f3n <strong>Pro.<\/strong> Consulte nuestra <a href=\"https:\/\/autopro.io\/es\/precios\/\">p\u00e1gina de precios<\/a> para obtener m\u00e1s detalles sobre los paquetes disponibles.<\/p>\n<p>[\/vc_column_text][\/vc_column][\/vc_row][vc_row gap=\u00bb35&#8243; equal_height=\u00bbyes\u00bb content_placement=\u00bbmiddle\u00bb][vc_column width=\u00bb1\/2&#8243; offset=\u00bbvc_hidden-sm vc_hidden-xs\u00bb][vc_column_text]Si usted quisiera pasar su tiempo trabajando o manteniendo su sitio web, se habr\u00eda convertido en un desarrollador web.<\/p>\n<p>El problema es que un sitio web que no est\u00e1 actualizado, no es muy \u00fatil.<\/p>\n<p>A menudo, esto resulta en una espiral de muerte.<\/p>\n<p>Temes tener que actualizar el sitio web, as\u00ed que lo pospones, y se acumula.<\/p>\n<p>Lo que aumenta el temor.<\/p>\n<p>As\u00ed que lo aplazas un poco m\u00e1s. Y lo has adivinado, se sigue acumulando.<\/p>\n<p>Entonces, cuando por fin te pones a ello, tienes que pasar medio d\u00eda eliminando el inventario antiguo y a\u00f1adiendo el nuevo.[\/vc_column_text]<style type=\"text\/css\" data-type=\"the7_shortcodes-inline-css\">#default-btn-777ed875fdcaf25bbbfec63290211c06.ico-right-side > i {\n  margin-right: 0px;\n  margin-left: 8px;\n}\n#default-btn-777ed875fdcaf25bbbfec63290211c06 > i {\n  margin-right: 8px;\n}\n<\/style><a href=\"https:\/\/autopro.io\/es\/prueba-gratis\/\" class=\"default-btn-shortcode dt-btn dt-btn-l link-hover-off btn-inline-left \" id=\"default-btn-777ed875fdcaf25bbbfec63290211c06\" title=\"Prueba gratis\"><span>Prueba gratis<\/span><\/a>[\/vc_column][vc_column width=\u00bb1\/2&#8243; offset=\u00bbvc_hidden-sm vc_hidden-xs\u00bb][vc_single_image image=\u00bb1057&#8243; img_size=\u00bblarge\u00bb alignment=\u00bbcenter\u00bb][\/vc_column][vc_column offset=\u00bbvc_hidden-lg vc_hidden-md\u00bb][vc_column_text]<\/p>\n<p style=\"text-align: center;\">Si usted quisiera pasar su tiempo trabajando o manteniendo su sitio web, se habr\u00eda convertido en un desarrollador web.<\/p>\n<p style=\"text-align: center;\">El problema es que un sitio web que no est\u00e1 actualizado, no es muy \u00fatil.<\/p>\n<p style=\"text-align: center;\">A menudo, esto resulta en una espiral de muerte.<\/p>\n<p style=\"text-align: center;\">Temes tener que actualizar el sitio web, as\u00ed que lo pospones, y se acumula.<\/p>\n<p style=\"text-align: center;\">Lo que aumenta el temor.<\/p>\n<p style=\"text-align: center;\">As\u00ed que lo aplazas un poco m\u00e1s. Y lo has adivinado, se sigue acumulando.<\/p>\n<p style=\"text-align: center;\">Entonces, cuando por fin te pones a ello, tienes que pasar medio d\u00eda eliminando el inventario antiguo y a\u00f1adiendo el nuevo.<\/p>\n<p>[\/vc_column_text]<style type=\"text\/css\" data-type=\"the7_shortcodes-inline-css\">#default-btn-c1dffb1214eaebc0dd54ed9817c1a758.ico-right-side > i {\n  margin-right: 0px;\n  margin-left: 8px;\n}\n#default-btn-c1dffb1214eaebc0dd54ed9817c1a758 > i {\n  margin-right: 8px;\n}\n<\/style><div class=\"btn-align-center\"><a href=\"https:\/\/autopro.io\/es\/prueba-gratis\/\" class=\"default-btn-shortcode dt-btn dt-btn-l link-hover-off \" id=\"default-btn-c1dffb1214eaebc0dd54ed9817c1a758\" title=\"Prueba gratis\"><span>Prueba gratis<\/span><\/a><\/div>[vc_single_image image=\u00bb1057&#8243; img_size=\u00bblarge\u00bb alignment=\u00bbcenter\u00bb][\/vc_column][\/vc_row][vc_row gap=\u00bb35&#8243; equal_height=\u00bbyes\u00bb content_placement=\u00bbmiddle\u00bb][vc_column width=\u00bb1\/2&#8243; offset=\u00bbvc_hidden-sm vc_hidden-xs\u00bb][vc_single_image image=\u00bb1217&#8243; img_size=\u00bblarge\u00bb alignment=\u00bbcenter\u00bb][\/vc_column][vc_column width=\u00bb1\/2&#8243; offset=\u00bbvc_hidden-sm vc_hidden-xs\u00bb][vc_column_text]\u00a1Es 2021!, todo concesionario de autom\u00f3viles necesita una p\u00e1gina web.<\/p>\n<p>Un sitio web gen\u00e9rico es mejor que nada, pero obtendr\u00e1 mejores resultados utilizando la herramienta adecuada para el trabajo.<\/p>\n<p>Los sitios web de GEM-FNI est\u00e1n creados para concesionarios por los concesionarios.<\/p>\n<p>Hemos integrado todas las excelentes caracter\u00edsticas que se pueden esperar de un sitio web moderno para concesionarios de autom\u00f3viles, y lo hemos combinado todo en un gran paquete, a un precio mensual incre\u00edble.<\/p>\n<p>Y lo que es mejor, su sitio web est\u00e1 optimizado para los motores de b\u00fasqueda, aumentando su ranking y la visibilidad de su inventario.<\/p>\n<p>GEM-FNI fue creado para ser f\u00e1cil de usar, y no requiere ning\u00fan conocimiento t\u00e9cnico.[\/vc_column_text]<style type=\"text\/css\" data-type=\"the7_shortcodes-inline-css\">#default-btn-5af411bf79db63d47664ab520832fb9a.ico-right-side > i {\n  margin-right: 0px;\n  margin-left: 8px;\n}\n#default-btn-5af411bf79db63d47664ab520832fb9a > i {\n  margin-right: 8px;\n}\n<\/style><a href=\"https:\/\/autopro.io\/es\/registrate-ahora\/\" class=\"default-btn-shortcode dt-btn dt-btn-l link-hover-off btn-inline-left \" id=\"default-btn-5af411bf79db63d47664ab520832fb9a\" title=\"Reg\u00edstrate ahora\"><span>Reg\u00edstrate ahora<\/span><\/a>[\/vc_column][vc_column offset=\u00bbvc_hidden-lg vc_hidden-md\u00bb][vc_column_text]<\/p>\n<p style=\"text-align: center;\">\u00a1Es 2021!, todo concesionario de autom\u00f3viles necesita una p\u00e1gina web.<\/p>\n<p style=\"text-align: center;\">Un sitio web gen\u00e9rico es mejor que nada, pero obtendr\u00e1 mejores resultados utilizando la herramienta adecuada para el trabajo.<\/p>\n<p style=\"text-align: center;\">Los sitios web de AutoPro est\u00e1n creados para concesionarios por los concesionarios.<\/p>\n<p style=\"text-align: center;\">Hemos integrado todas las excelentes caracter\u00edsticas que se pueden esperar de un sitio web moderno para concesionarios de autom\u00f3viles, y lo hemos combinado todo en un gran paquete, a un precio mensual incre\u00edble.<\/p>\n<p style=\"text-align: center;\">Y lo que es mejor, su sitio web est\u00e1 optimizado para los motores de b\u00fasqueda, aumentando su ranking y la visibilidad de su inventario.<\/p>\n<p style=\"text-align: center;\">AutoPro fue creado para ser f\u00e1cil de usar, y no requiere ning\u00fan conocimiento t\u00e9cnico.<\/p>\n<p>[\/vc_column_text]<style type=\"text\/css\" data-type=\"the7_shortcodes-inline-css\">#default-btn-e130cce1a595258579816e40389f300d.ico-right-side > i {\n  margin-right: 0px;\n  margin-left: 8px;\n}\n#default-btn-e130cce1a595258579816e40389f300d > i {\n  margin-right: 8px;\n}\n<\/style><div class=\"btn-align-center\"><a href=\"https:\/\/autopro.io\/es\/registrate-ahora\/\" class=\"default-btn-shortcode dt-btn dt-btn-s link-hover-off \" id=\"default-btn-e130cce1a595258579816e40389f300d\" title=\"Reg\u00edstrate ahora\"><span>Reg\u00edstrate ahora<\/span><\/a><\/div>[vc_single_image image=\u00bb1217&#8243; img_size=\u00bblarge\u00bb alignment=\u00bbcenter\u00bb][\/vc_column][\/vc_row][vc_row gap=\u00bb35&#8243; equal_height=\u00bbyes\u00bb content_placement=\u00bbmiddle\u00bb][vc_column width=\u00bb1\/2&#8243; offset=\u00bbvc_hidden-sm vc_hidden-xs\u00bb][vc_column_text]GEM-FNI fue dise\u00f1ado para ahorrarle tiempo y dinero.<\/p>\n<p>Quer\u00edamos que la administraci\u00f3n de su sitio web fuera lo m\u00e1s f\u00e1cil posible.<\/p>\n<p>Tampoco creemos que un sitio web de calidad deba costar m\u00e1s de 500 d\u00f3lares al mes.<\/p>\n<p>Con GEM-FNI, agregar un autom\u00f3vil a su sitio web toma tan s\u00f3lo 30 segundos.<\/p>\n<p>Cargar im\u00e1genes es muy sencillo y se puede hacer desde su computador, tel\u00e9fono o tableta.<\/p>\n<p>Lo mejor de todo es que su sitio web mejora constantemente con nuestras actualizaciones de por vida, con un coste adicional de $0.[\/vc_column_text]<style type=\"text\/css\" data-type=\"the7_shortcodes-inline-css\">#default-btn-ab9e28aa92a692f345cdae65773043d0.ico-right-side > i {\n  margin-right: 0px;\n  margin-left: 8px;\n}\n#default-btn-ab9e28aa92a692f345cdae65773043d0 > i {\n  margin-right: 8px;\n}\n<\/style><a href=\"https:\/\/autopro.io\/es\/contactenos\/\" class=\"default-btn-shortcode dt-btn dt-btn-l link-hover-off btn-inline-left \" id=\"default-btn-ab9e28aa92a692f345cdae65773043d0\" title=\"Get in touch\"><span>Ponerse en contacto<\/span><\/a>[\/vc_column][vc_column width=\u00bb1\/2&#8243; offset=\u00bbvc_hidden-sm vc_hidden-xs\u00bb][vc_single_image image=\u00bb1068&#8243; img_size=\u00bblarge\u00bb alignment=\u00bbcenter\u00bb][\/vc_column][vc_column offset=\u00bbvc_hidden-lg vc_hidden-md\u00bb][vc_column_text]<\/p>\n<p style=\"text-align: center;\">AutoPro.io fue dise\u00f1ado para ahorrarle tiempo y dinero.<\/p>\n<p style=\"text-align: center;\">Quer\u00edamos que la administraci\u00f3n de su sitio web fuera lo m\u00e1s f\u00e1cil posible.<\/p>\n<p style=\"text-align: center;\">Tampoco creemos que un sitio web de calidad deba costar m\u00e1s de 500 d\u00f3lares al mes.<\/p>\n<p style=\"text-align: center;\">Con AutoPro, agregar un autom\u00f3vil a su sitio web toma tan s\u00f3lo 30 segundos.<\/p>\n<p style=\"text-align: center;\">Cargar im\u00e1genes es muy sencillo y se puede hacer desde su computador, tel\u00e9fono o tableta.<\/p>\n<p style=\"text-align: center;\">Lo mejor de todo es que su sitio web mejora constantemente con nuestras actualizaciones de por vida, con un coste adicional de $0.<\/p>\n<p>[\/vc_column_text]<style type=\"text\/css\" data-type=\"the7_shortcodes-inline-css\">#default-btn-2a343e28c8f3750bc84408b4af38ac51.ico-right-side > i {\n  margin-right: 0px;\n  margin-left: 8px;\n}\n#default-btn-2a343e28c8f3750bc84408b4af38ac51 > i {\n  margin-right: 8px;\n}\n<\/style><div class=\"btn-align-center\"><a href=\"https:\/\/autopro.io\/es\/contactenos\/\" class=\"default-btn-shortcode dt-btn dt-btn-l link-hover-off \" id=\"default-btn-2a343e28c8f3750bc84408b4af38ac51\" title=\"Ponerse en contacto\"><span>Ponerse en contacto<\/span><\/a><\/div>[vc_single_image image=\u00bb1068&#8243; img_size=\u00bblarge\u00bb alignment=\u00bbcenter\u00bb][\/vc_column][\/vc_row][vc_row css=\u00bb.vc_custom_1611559536074{margin-top: 50px !important;}\u00bb][vc_column][vc_column_text]<\/p>\n<h3 style=\"text-align: center;\">\u00bfConoce alguna soluci\u00f3n de software para concesionarios que ofrezca <span style=\"color: #f44336;\">m\u00e1s valor a un mejor precio?<\/span><\/h3>\n<h2 style=\"text-align: center;\">Si no es as\u00ed, obtenga todas estas incre\u00edbles caracter\u00edsticas y mucho m\u00e1s por un bajo <a href=\"https:\/\/autopro.io\/es\/precios\/\">precio mensual<\/a>.<\/h2>\n<h3 style=\"text-align: center;\">Estamos tan seguros de que tambi\u00e9n le encantar\u00e1 GEM-FNI, que puede cancelarlo en cualquier momento.<\/h3>\n<h2 style=\"text-align: center;\">\u00bfQu\u00e9 tienes que perder?<\/h2>\n<p>[\/vc_column_text][vc_row_inner equal_height=\u00bbyes\u00bb content_placement=\u00bbmiddle\u00bb][vc_column_inner width=\u00bb1\/3&#8243;]<style type=\"text\/css\" data-type=\"the7_shortcodes-inline-css\">#default-btn-347f30ae07b472c3f48b24aafae2b6a6.ico-right-side > i {\n  margin-right: 0px;\n  margin-left: 8px;\n}\n#default-btn-347f30ae07b472c3f48b24aafae2b6a6 > i {\n  margin-right: 8px;\n}\n<\/style><div class=\"btn-align-center\"><a href=\"https:\/\/autopro.io\/es\/registrate-ahora\/\" class=\"default-btn-shortcode dt-btn dt-btn-l zoomInLeft animate-element animation-builder link-hover-off \" id=\"default-btn-347f30ae07b472c3f48b24aafae2b6a6\" title=\"Reg\u00edstrate ahora\"><span>Reg\u00edstrate ahora<\/span><\/a><\/div>[\/vc_column_inner][vc_column_inner width=\u00bb1\/3&#8243;][vc_single_image image=\u00bb1230&#8243; img_size=\u00bb330&#215;222&#8243; alignment=\u00bbcenter\u00bb image_hovers=\u00bbfalse\u00bb][\/vc_column_inner][vc_column_inner width=\u00bb1\/3&#8243;]<style type=\"text\/css\" data-type=\"the7_shortcodes-inline-css\">#default-btn-472123d373e6419e2b404bd99d42b4a2.ico-right-side > i {\n  margin-right: 0px;\n  margin-left: 8px;\n}\n#default-btn-472123d373e6419e2b404bd99d42b4a2 > i {\n  margin-right: 8px;\n}\n<\/style><div class=\"btn-align-center\"><a href=\"https:\/\/autopro.io\/es\/prueba-gratis\/\" class=\"default-btn-shortcode dt-btn dt-btn-l zoomInRight animate-element animation-builder link-hover-off \" id=\"default-btn-472123d373e6419e2b404bd99d42b4a2\" title=\"Demostraci\u00f3n GRATIS\"><span>Demostraci\u00f3n GRATIS<\/span><\/a><\/div>[\/vc_column_inner][\/vc_row_inner][\/vc_column][\/vc_row]<\/p>\n<\/div>","protected":false},"excerpt":{"rendered":"<p>[vc_row][vc_column offset=\u00bbvc_hidden-sm vc_hidden-xs\u00bb][vc_column_text] GEM-FNI facilita la gesti\u00f3n del sitio web de su concesionario [\/vc_column_text][vc_column_text] Tenga en cuenta: El sitio web optimizado del concesionario de autom\u00f3viles requiere una suscripci\u00f3n Pro. Consulte nuestra p\u00e1gina de precios para obtener m\u00e1s detalles sobre los paquetes disponibles. [\/vc_column_text][\/vc_column][\/vc_row][vc_row gap=\u00bb35&#8243; equal_height=\u00bbyes\u00bb content_placement=\u00bbmiddle\u00bb][vc_column width=\u00bb1\/2&#8243; offset=\u00bbvc_hidden-sm vc_hidden-xs\u00bb][vc_column_text]Si usted quisiera pasar su tiempo trabajando&hellip;<\/p>\n","protected":false},"author":2,"featured_media":0,"parent":1545,"menu_order":0,"comment_status":"closed","ping_status":"closed","template":"","meta":{"footnotes":""},"class_list":["post-2719","page","type-page","status-publish","hentry","description-off"],"yoast_head":"<!-- This site is optimized with the Yoast SEO plugin v25.0 - https:\/\/yoast.com\/wordpress\/plugins\/seo\/ -->\n<title>Gesti\u00f3ne f\u00e1cilmente su sitio web de concesionario autom\u00f3vil - WordPress Website<\/title>\n<meta name=\"robots\" content=\"index, follow, max-snippet:-1, max-image-preview:large, max-video-preview:-1\" \/>\n<link rel=\"canonical\" href=\"https:\/\/autopro.io\/es\/caracteristicas\/gestione-facilmente-su-sitio-web-de-concesionario-automovil\/\" \/>\n<meta property=\"og:locale\" content=\"es_ES\" \/>\n<meta property=\"og:type\" content=\"article\" \/>\n<meta property=\"og:title\" content=\"Gesti\u00f3ne f\u00e1cilmente su sitio web de concesionario autom\u00f3vil - WordPress Website\" \/>\n<meta property=\"og:description\" content=\"[vc_row][vc_column offset=\u00bbvc_hidden-sm vc_hidden-xs\u00bb][vc_column_text] GEM-FNI facilita la gesti\u00f3n del sitio web de su concesionario [\/vc_column_text][vc_column_text] Tenga en cuenta: El sitio web optimizado del concesionario de autom\u00f3viles requiere una suscripci\u00f3n Pro. Consulte nuestra p\u00e1gina de precios para obtener m\u00e1s detalles sobre los paquetes disponibles. [\/vc_column_text][\/vc_column][\/vc_row][vc_row gap=\u00bb35&#8243; equal_height=\u00bbyes\u00bb content_placement=\u00bbmiddle\u00bb][vc_column width=\u00bb1\/2&#8243; offset=\u00bbvc_hidden-sm vc_hidden-xs\u00bb][vc_column_text]Si usted quisiera pasar su tiempo trabajando&hellip;\" \/>\n<meta property=\"og:url\" content=\"https:\/\/autopro.io\/es\/caracteristicas\/gestione-facilmente-su-sitio-web-de-concesionario-automovil\/\" \/>\n<meta property=\"og:site_name\" content=\"WordPress Website\" \/>\n<meta name=\"twitter:card\" content=\"summary_large_image\" \/>\n<meta name=\"twitter:label1\" content=\"Tiempo de lectura\" \/>\n\t<meta name=\"twitter:data1\" content=\"4 minutos\" \/>\n<script type=\"application\/ld+json\" class=\"yoast-schema-graph\">{\"@context\":\"https:\/\/schema.org\",\"@graph\":[{\"@type\":\"WebPage\",\"@id\":\"https:\/\/autopro.io\/es\/caracteristicas\/gestione-facilmente-su-sitio-web-de-concesionario-automovil\/\",\"url\":\"https:\/\/autopro.io\/es\/caracteristicas\/gestione-facilmente-su-sitio-web-de-concesionario-automovil\/\",\"name\":\"Gesti\u00f3ne f\u00e1cilmente su sitio web de concesionario autom\u00f3vil - WordPress Website\",\"isPartOf\":{\"@id\":\"https:\/\/autopro.io\/#website\"},\"datePublished\":\"2022-03-20T19:13:35+00:00\",\"breadcrumb\":{\"@id\":\"https:\/\/autopro.io\/es\/caracteristicas\/gestione-facilmente-su-sitio-web-de-concesionario-automovil\/#breadcrumb\"},\"inLanguage\":\"es\",\"potentialAction\":[{\"@type\":\"ReadAction\",\"target\":[\"https:\/\/autopro.io\/es\/caracteristicas\/gestione-facilmente-su-sitio-web-de-concesionario-automovil\/\"]}]},{\"@type\":\"BreadcrumbList\",\"@id\":\"https:\/\/autopro.io\/es\/caracteristicas\/gestione-facilmente-su-sitio-web-de-concesionario-automovil\/#breadcrumb\",\"itemListElement\":[{\"@type\":\"ListItem\",\"position\":1,\"name\":\"Home\",\"item\":\"https:\/\/autopro.io\/es\/\"},{\"@type\":\"ListItem\",\"position\":2,\"name\":\"Caracteristicas\",\"item\":\"https:\/\/autopro.io\/es\/caracteristicas\/\"},{\"@type\":\"ListItem\",\"position\":3,\"name\":\"Gesti\u00f3ne f\u00e1cilmente su sitio web de concesionario autom\u00f3vil\"}]},{\"@type\":\"WebSite\",\"@id\":\"https:\/\/autopro.io\/#website\",\"url\":\"https:\/\/autopro.io\/\",\"name\":\"WordPress Website\",\"description\":\"\",\"potentialAction\":[{\"@type\":\"SearchAction\",\"target\":{\"@type\":\"EntryPoint\",\"urlTemplate\":\"https:\/\/autopro.io\/?s={search_term_string}\"},\"query-input\":{\"@type\":\"PropertyValueSpecification\",\"valueRequired\":true,\"valueName\":\"search_term_string\"}}],\"inLanguage\":\"es\"}]}<\/script>\n<!-- \/ Yoast SEO plugin. -->","yoast_head_json":{"title":"Gesti\u00f3ne f\u00e1cilmente su sitio web de concesionario autom\u00f3vil - WordPress Website","robots":{"index":"index","follow":"follow","max-snippet":"max-snippet:-1","max-image-preview":"max-image-preview:large","max-video-preview":"max-video-preview:-1"},"canonical":"https:\/\/autopro.io\/es\/caracteristicas\/gestione-facilmente-su-sitio-web-de-concesionario-automovil\/","og_locale":"es_ES","og_type":"article","og_title":"Gesti\u00f3ne f\u00e1cilmente su sitio web de concesionario autom\u00f3vil - WordPress Website","og_description":"[vc_row][vc_column offset=\u00bbvc_hidden-sm vc_hidden-xs\u00bb][vc_column_text] GEM-FNI facilita la gesti\u00f3n del sitio web de su concesionario [\/vc_column_text][vc_column_text] Tenga en cuenta: El sitio web optimizado del concesionario de autom\u00f3viles requiere una suscripci\u00f3n Pro. Consulte nuestra p\u00e1gina de precios para obtener m\u00e1s detalles sobre los paquetes disponibles. [\/vc_column_text][\/vc_column][\/vc_row][vc_row gap=\u00bb35&#8243; equal_height=\u00bbyes\u00bb content_placement=\u00bbmiddle\u00bb][vc_column width=\u00bb1\/2&#8243; offset=\u00bbvc_hidden-sm vc_hidden-xs\u00bb][vc_column_text]Si usted quisiera pasar su tiempo trabajando&hellip;","og_url":"https:\/\/autopro.io\/es\/caracteristicas\/gestione-facilmente-su-sitio-web-de-concesionario-automovil\/","og_site_name":"WordPress Website","twitter_card":"summary_large_image","twitter_misc":{"Tiempo de lectura":"4 minutos"},"schema":{"@context":"https:\/\/schema.org","@graph":[{"@type":"WebPage","@id":"https:\/\/autopro.io\/es\/caracteristicas\/gestione-facilmente-su-sitio-web-de-concesionario-automovil\/","url":"https:\/\/autopro.io\/es\/caracteristicas\/gestione-facilmente-su-sitio-web-de-concesionario-automovil\/","name":"Gesti\u00f3ne f\u00e1cilmente su sitio web de concesionario autom\u00f3vil - WordPress Website","isPartOf":{"@id":"https:\/\/autopro.io\/#website"},"datePublished":"2022-03-20T19:13:35+00:00","breadcrumb":{"@id":"https:\/\/autopro.io\/es\/caracteristicas\/gestione-facilmente-su-sitio-web-de-concesionario-automovil\/#breadcrumb"},"inLanguage":"es","potentialAction":[{"@type":"ReadAction","target":["https:\/\/autopro.io\/es\/caracteristicas\/gestione-facilmente-su-sitio-web-de-concesionario-automovil\/"]}]},{"@type":"BreadcrumbList","@id":"https:\/\/autopro.io\/es\/caracteristicas\/gestione-facilmente-su-sitio-web-de-concesionario-automovil\/#breadcrumb","itemListElement":[{"@type":"ListItem","position":1,"name":"Home","item":"https:\/\/autopro.io\/es\/"},{"@type":"ListItem","position":2,"name":"Caracteristicas","item":"https:\/\/autopro.io\/es\/caracteristicas\/"},{"@type":"ListItem","position":3,"name":"Gesti\u00f3ne f\u00e1cilmente su sitio web de concesionario autom\u00f3vil"}]},{"@type":"WebSite","@id":"https:\/\/autopro.io\/#website","url":"https:\/\/autopro.io\/","name":"WordPress Website","description":"","potentialAction":[{"@type":"SearchAction","target":{"@type":"EntryPoint","urlTemplate":"https:\/\/autopro.io\/?s={search_term_string}"},"query-input":{"@type":"PropertyValueSpecification","valueRequired":true,"valueName":"search_term_string"}}],"inLanguage":"es"}]}},"_links":{"self":[{"href":"https:\/\/autopro.io\/es\/wp-json\/wp\/v2\/pages\/2719","targetHints":{"allow":["GET"]}}],"collection":[{"href":"https:\/\/autopro.io\/es\/wp-json\/wp\/v2\/pages"}],"about":[{"href":"https:\/\/autopro.io\/es\/wp-json\/wp\/v2\/types\/page"}],"author":[{"embeddable":true,"href":"https:\/\/autopro.io\/es\/wp-json\/wp\/v2\/users\/2"}],"replies":[{"embeddable":true,"href":"https:\/\/autopro.io\/es\/wp-json\/wp\/v2\/comments?post=2719"}],"version-history":[{"count":0,"href":"https:\/\/autopro.io\/es\/wp-json\/wp\/v2\/pages\/2719\/revisions"}],"up":[{"embeddable":true,"href":"https:\/\/autopro.io\/es\/wp-json\/wp\/v2\/pages\/1545"}],"wp:attachment":[{"href":"https:\/\/autopro.io\/es\/wp-json\/wp\/v2\/media?parent=2719"}],"curies":[{"name":"wp","href":"https:\/\/api.w.org\/{rel}","templated":true}]}}