{"id":2647,"date":"2020-06-22T04:48:36","date_gmt":"2020-06-22T04:48:36","guid":{"rendered":"https:\/\/autopro.io\/?page_id=2647"},"modified":"2025-06-04T12:04:45","modified_gmt":"2025-06-04T12:04:45","slug":"sitio-web-del-concesionario-de-automoviles","status":"publish","type":"page","link":"https:\/\/autopro.io\/es\/sitio-web-del-concesionario-de-automoviles\/","title":{"rendered":"Sitio Web del Concesionario de Autom\u00f3viles"},"content":{"rendered":"<div class=\"wpb-content-wrapper\"><p>[vc_row][vc_column][vc_single_image image=\u00bb210&#8243; img_size=\u00bblarge\u00bb alignment=\u00bbcenter\u00bb][\/vc_column][\/vc_row][vc_row equal_height=\u00bbyes\u00bb content_placement=\u00bbmiddle\u00bb][vc_column width=\u00bb1\/3&#8243;][vc_column_text]<\/p>\n<p style=\"text-align: center; font-size: 20px;\">Sin cuotas ocultos<\/p>\n<p>[\/vc_column_text][\/vc_column][vc_column width=\u00bb1\/3&#8243;][vc_column_text]<\/p>\n<p style=\"text-align: center; font-size: 20px;\"><i class=\"fa fa-check\" style=\"color: #81d742; margin-right: 20px;\"><\/i> Sin contratos a largo plazos<\/p>\n<p>[\/vc_column_text][\/vc_column][vc_column width=\u00bb1\/3&#8243;][vc_column_text]<\/p>\n<p style=\"text-align: center; font-size: 20px;\"><i class=\"fa fa-check\" style=\"color: #81d742; margin-right: 20px;\"><\/i> Actualizaciones de por vidas<\/p>\n<p>[\/vc_column_text][\/vc_column][\/vc_row][vc_row][vc_column][vc_separator color=\u00bbmulled_wine\u00bb style=\u00bbdashed\u00bb el_width=\u00bb60&#8243; css=\u00bb.vc_custom_1580617511943{margin-top: 40px !important;margin-bottom: 40px !important;}\u00bb][\/vc_column][\/vc_row][vc_row equal_height=\u00bbyes\u00bb content_placement=\u00bbmiddle\u00bb][vc_column width=\u00bb5\/12&#8243;][vc_single_image image=\u00bb4519&#8243; img_size=\u00bblarge\u00bb][\/vc_column][vc_column width=\u00bb7\/12&#8243;][vc_custom_heading text=\u00bb\u00a1Obtenga un sitio web dise\u00f1ado espec\u00edficamente para concesionarios de autom\u00f3viles como el suyo!\u00bb font_container=\u00bbtag:h2|text_align:center\u00bb use_theme_fonts=\u00bbyes\u00bb][vc_separator color=\u00bbcustom\u00bb border_width=\u00bb4&#8243; el_width=\u00bb10&#8243; accent_color=\u00bb#f44336&#8243;][vc_column_text]<\/p>\n<p style=\"text-align: center;\">Nuestros sitios web fueron dise\u00f1ados espec\u00edficamente para concesionarios de autom\u00f3viles como el suyo.<\/p>\n<p style=\"text-align: center;\">El sitio web fue creado para brindarles a sus clientes una incre\u00edble experiencia de compra de autom\u00f3viles en l\u00ednea.<\/p>\n<p style=\"text-align: center;\">Desde la b\u00fasqueda, hasta los filtros, pasando por las p\u00e1ginas de perfil de los veh\u00edculos, todo se cre\u00f3 pensando en las ventas.<\/p>\n<p style=\"text-align: center;\">En el aspecto t\u00e9cnico, el sitio web est\u00e1 optimizado para funcionar en todos los dispositivos, incluyendo computadores de mesa, tablets y tel\u00e9fonos m\u00f3viles.<\/p>\n<p style=\"text-align: center;\">Su sitio web AutoPro.io tambi\u00e9n est\u00e1 optimizado para ser compatible con los motores de b\u00fasqueda, ayudando a que m\u00e1s compradores encuentren y vean su inventario.<\/p>\n<p>[\/vc_column_text][vc_row_inner][vc_column_inner width=\u00bb1\/2&#8243; css=\u00bb.vc_custom_1580871456929{margin-top: 15px !important;}\u00bb]<style type=\"text\/css\" data-type=\"the7_shortcodes-inline-css\">#default-btn-e5995a625b7a40a7b952abff215e8d38.ico-right-side > i {\n  margin-right: 0px;\n  margin-left: 8px;\n}\n#default-btn-e5995a625b7a40a7b952abff215e8d38 > i {\n  margin-right: 8px;\n}\n<\/style><a href=\"https:\/\/autopro.io\/pricing\/\" class=\"default-btn-shortcode dt-btn dt-btn-l link-hover-off full-width-btn btn-inline-left \" id=\"default-btn-e5995a625b7a40a7b952abff215e8d38\" title=\"Pricing\"><span>Precios<\/span><\/a>[\/vc_column_inner][vc_column_inner width=\u00bb1\/2&#8243; css=\u00bb.vc_custom_1580871462292{margin-top: 15px !important;}\u00bb]<style type=\"text\/css\" data-type=\"the7_shortcodes-inline-css\">#default-btn-027c40f14cd6bc443f7d32932a8ca738.ico-right-side > i {\n  margin-right: 0px;\n  margin-left: 8px;\n}\n#default-btn-027c40f14cd6bc443f7d32932a8ca738 > i {\n  margin-right: 8px;\n}\n<\/style><a href=\"https:\/\/autopro.io\/free-demo\/\" class=\"default-btn-shortcode dt-btn dt-btn-l link-hover-off full-width-btn btn-inline-left \" id=\"default-btn-027c40f14cd6bc443f7d32932a8ca738\" title=\"FREE Demo\"><span>Demostraci\u00f3n GRATIS<\/span><\/a>[\/vc_column_inner][\/vc_row_inner][\/vc_column][\/vc_row][vc_row][vc_column][vc_separator color=\u00bbmulled_wine\u00bb style=\u00bbdashed\u00bb el_width=\u00bb60&#8243; css=\u00bb.vc_custom_1580617511943{margin-top: 40px !important;margin-bottom: 40px !important;}\u00bb][\/vc_column][\/vc_row][vc_row][vc_column width=\u00bb7\/12&#8243;][vc_custom_heading text=\u00bbAdministre f\u00e1cilmente su sitio web y conc\u00e9ntrese en ganar dinero!\u00bb font_container=\u00bbtag:h2|text_align:center\u00bb use_theme_fonts=\u00bbyes\u00bb][vc_separator color=\u00bbcustom\u00bb border_width=\u00bb4&#8243; el_width=\u00bb10&#8243; accent_color=\u00bb#f44336&#8243;][vc_column_text]Administrar su sitio web suele llevar mucho tiempo, cuesta dinero o ambas cosas.<\/p>\n<p>Esto suele dar lugar a tener que contratar a alguien para administrar las actualizaciones, o que muchos concesionarios tengan informaci\u00f3n desactualizada en sus sitios web.<\/p>\n<p>En ambos casos, \u00a1esto perjudica su resultado final!<\/p>\n<p>AutoPro genera un sitio web totalmente personalizable basado en los datos de su DMS y se sincroniza en tiempo real, reduciendo el tiempo necesario para mantener el inventario de su sitio web y garantiza que su sitio web siempre tenga la informaci\u00f3n m\u00e1s actualizada.<\/p>\n<p>Adem\u00e1s, ser parte de la familia AutoPro significa que obtendr\u00e1 actualizaciones y mejoras de por vida, lo que significa que su sitio web est\u00e1 mejorando constantemente con 0 inversi\u00f3n adicional de tiempo o dinero.[\/vc_column_text][vc_row_inner][vc_column_inner width=\u00bb1\/2&#8243; css=\u00bb.vc_custom_1580871467615{margin-top: 15px !important;}\u00bb]<style type=\"text\/css\" data-type=\"the7_shortcodes-inline-css\">#default-btn-027c40f14cd6bc443f7d32932a8ca738.ico-right-side > i {\n  margin-right: 0px;\n  margin-left: 8px;\n}\n#default-btn-027c40f14cd6bc443f7d32932a8ca738 > i {\n  margin-right: 8px;\n}\n<\/style><a href=\"https:\/\/autopro.io\/free-demo\/\" class=\"default-btn-shortcode dt-btn dt-btn-l link-hover-off full-width-btn btn-inline-left \" id=\"default-btn-027c40f14cd6bc443f7d32932a8ca738\" title=\"FREE Demo\"><span>Demostraci\u00f3n GRATIS<\/span><\/a>[\/vc_column_inner][vc_column_inner width=\u00bb1\/2&#8243; css=\u00bb.vc_custom_1580871472259{margin-top: 15px !important;}\u00bb]<style type=\"text\/css\" data-type=\"the7_shortcodes-inline-css\">#default-btn-fd4daff0f680e6c53635b2013353763c.ico-right-side > i {\n  margin-right: 0px;\n  margin-left: 8px;\n}\n#default-btn-fd4daff0f680e6c53635b2013353763c > i {\n  margin-right: 8px;\n}\n<\/style><a href=\"https:\/\/autopro.io\/es\/contactenos\/\" class=\"default-btn-shortcode dt-btn dt-btn-l link-hover-off full-width-btn btn-inline-left \" id=\"default-btn-fd4daff0f680e6c53635b2013353763c\" title=\"Contact us\"><span>Contactenos<\/span><\/a>[\/vc_column_inner][\/vc_row_inner][\/vc_column][vc_column width=\u00bb5\/12&#8243;][vc_single_image image=\u00bb187&#8243; img_size=\u00bblarge\u00bb][\/vc_column][\/vc_row]<\/p>\n<\/div>","protected":false},"excerpt":{"rendered":"<p>[vc_row][vc_column][vc_single_image image=\u00bb210&#8243; img_size=\u00bblarge\u00bb alignment=\u00bbcenter\u00bb][\/vc_column][\/vc_row][vc_row equal_height=\u00bbyes\u00bb content_placement=\u00bbmiddle\u00bb][vc_column width=\u00bb1\/3&#8243;][vc_column_text] Sin cuotas ocultos [\/vc_column_text][\/vc_column][vc_column width=\u00bb1\/3&#8243;][vc_column_text] Sin contratos a largo plazos [\/vc_column_text][\/vc_column][vc_column width=\u00bb1\/3&#8243;][vc_column_text] Actualizaciones de por vidas [\/vc_column_text][\/vc_column][\/vc_row][vc_row][vc_column][vc_separator color=\u00bbmulled_wine\u00bb style=\u00bbdashed\u00bb el_width=\u00bb60&#8243; css=\u00bb.vc_custom_1580617511943{margin-top: 40px !important;margin-bottom: 40px !important;}\u00bb][\/vc_column][\/vc_row][vc_row equal_height=\u00bbyes\u00bb content_placement=\u00bbmiddle\u00bb][vc_column width=\u00bb5\/12&#8243;][vc_single_image image=\u00bb4519&#8243; img_size=\u00bblarge\u00bb][\/vc_column][vc_column width=\u00bb7\/12&#8243;][vc_custom_heading text=\u00bb\u00a1Obtenga un sitio web dise\u00f1ado espec\u00edficamente para concesionarios de autom\u00f3viles como el suyo!\u00bb font_container=\u00bbtag:h2|text_align:center\u00bb use_theme_fonts=\u00bbyes\u00bb][vc_separator color=\u00bbcustom\u00bb border_width=\u00bb4&#8243;&hellip;<\/p>\n","protected":false},"author":2,"featured_media":0,"parent":0,"menu_order":0,"comment_status":"closed","ping_status":"closed","template":"","meta":{"footnotes":""},"class_list":["post-2647","page","type-page","status-publish","hentry","description-off"],"yoast_head":"<!-- This site is optimized with the Yoast SEO plugin v25.0 - https:\/\/yoast.com\/wordpress\/plugins\/seo\/ -->\n<title>Sitio Web del Concesionario de Autom\u00f3viles - WordPress Website<\/title>\n<meta name=\"robots\" content=\"index, follow, max-snippet:-1, max-image-preview:large, max-video-preview:-1\" \/>\n<link rel=\"canonical\" href=\"https:\/\/autopro.io\/es\/sitio-web-del-concesionario-de-automoviles\/\" \/>\n<meta property=\"og:locale\" content=\"es_ES\" \/>\n<meta property=\"og:type\" content=\"article\" \/>\n<meta property=\"og:title\" content=\"Sitio Web del Concesionario de Autom\u00f3viles - WordPress Website\" \/>\n<meta property=\"og:description\" content=\"[vc_row][vc_column][vc_single_image image=\u00bb210&#8243; img_size=\u00bblarge\u00bb alignment=\u00bbcenter\u00bb][\/vc_column][\/vc_row][vc_row equal_height=\u00bbyes\u00bb content_placement=\u00bbmiddle\u00bb][vc_column width=\u00bb1\/3&#8243;][vc_column_text] Sin cuotas ocultos [\/vc_column_text][\/vc_column][vc_column width=\u00bb1\/3&#8243;][vc_column_text] Sin contratos a largo plazos [\/vc_column_text][\/vc_column][vc_column width=\u00bb1\/3&#8243;][vc_column_text] Actualizaciones de por vidas [\/vc_column_text][\/vc_column][\/vc_row][vc_row][vc_column][vc_separator color=\u00bbmulled_wine\u00bb style=\u00bbdashed\u00bb el_width=\u00bb60&#8243; css=\u00bb.vc_custom_1580617511943{margin-top: 40px !important;margin-bottom: 40px !important;}\u00bb][\/vc_column][\/vc_row][vc_row equal_height=\u00bbyes\u00bb content_placement=\u00bbmiddle\u00bb][vc_column width=\u00bb5\/12&#8243;][vc_single_image image=\u00bb4519&#8243; img_size=\u00bblarge\u00bb][\/vc_column][vc_column width=\u00bb7\/12&#8243;][vc_custom_heading text=\u00bb\u00a1Obtenga un sitio web dise\u00f1ado espec\u00edficamente para concesionarios de autom\u00f3viles como el suyo!\u00bb font_container=\u00bbtag:h2|text_align:center\u00bb use_theme_fonts=\u00bbyes\u00bb][vc_separator color=\u00bbcustom\u00bb border_width=\u00bb4&#8243;&hellip;\" \/>\n<meta property=\"og:url\" content=\"https:\/\/autopro.io\/es\/sitio-web-del-concesionario-de-automoviles\/\" \/>\n<meta property=\"og:site_name\" content=\"WordPress Website\" \/>\n<meta property=\"article:modified_time\" content=\"2025-06-04T12:04:45+00:00\" \/>\n<meta name=\"twitter:card\" content=\"summary_large_image\" \/>\n<meta name=\"twitter:label1\" content=\"Tiempo de lectura\" \/>\n\t<meta name=\"twitter:data1\" content=\"3 minutos\" \/>\n<script type=\"application\/ld+json\" class=\"yoast-schema-graph\">{\"@context\":\"https:\/\/schema.org\",\"@graph\":[{\"@type\":\"WebPage\",\"@id\":\"https:\/\/autopro.io\/es\/sitio-web-del-concesionario-de-automoviles\/\",\"url\":\"https:\/\/autopro.io\/es\/sitio-web-del-concesionario-de-automoviles\/\",\"name\":\"Sitio Web del Concesionario de Autom\u00f3viles - WordPress Website\",\"isPartOf\":{\"@id\":\"https:\/\/autopro.io\/#website\"},\"datePublished\":\"2020-06-22T04:48:36+00:00\",\"dateModified\":\"2025-06-04T12:04:45+00:00\",\"breadcrumb\":{\"@id\":\"https:\/\/autopro.io\/es\/sitio-web-del-concesionario-de-automoviles\/#breadcrumb\"},\"inLanguage\":\"es\",\"potentialAction\":[{\"@type\":\"ReadAction\",\"target\":[\"https:\/\/autopro.io\/es\/sitio-web-del-concesionario-de-automoviles\/\"]}]},{\"@type\":\"BreadcrumbList\",\"@id\":\"https:\/\/autopro.io\/es\/sitio-web-del-concesionario-de-automoviles\/#breadcrumb\",\"itemListElement\":[{\"@type\":\"ListItem\",\"position\":1,\"name\":\"Home\",\"item\":\"https:\/\/autopro.io\/es\/\"},{\"@type\":\"ListItem\",\"position\":2,\"name\":\"Sitio Web del Concesionario de Autom\u00f3viles\"}]},{\"@type\":\"WebSite\",\"@id\":\"https:\/\/autopro.io\/#website\",\"url\":\"https:\/\/autopro.io\/\",\"name\":\"WordPress Website\",\"description\":\"\",\"potentialAction\":[{\"@type\":\"SearchAction\",\"target\":{\"@type\":\"EntryPoint\",\"urlTemplate\":\"https:\/\/autopro.io\/?s={search_term_string}\"},\"query-input\":{\"@type\":\"PropertyValueSpecification\",\"valueRequired\":true,\"valueName\":\"search_term_string\"}}],\"inLanguage\":\"es\"}]}<\/script>\n<!-- \/ Yoast SEO plugin. -->","yoast_head_json":{"title":"Sitio Web del Concesionario de Autom\u00f3viles - WordPress Website","robots":{"index":"index","follow":"follow","max-snippet":"max-snippet:-1","max-image-preview":"max-image-preview:large","max-video-preview":"max-video-preview:-1"},"canonical":"https:\/\/autopro.io\/es\/sitio-web-del-concesionario-de-automoviles\/","og_locale":"es_ES","og_type":"article","og_title":"Sitio Web del Concesionario de Autom\u00f3viles - WordPress Website","og_description":"[vc_row][vc_column][vc_single_image image=\u00bb210&#8243; img_size=\u00bblarge\u00bb alignment=\u00bbcenter\u00bb][\/vc_column][\/vc_row][vc_row equal_height=\u00bbyes\u00bb content_placement=\u00bbmiddle\u00bb][vc_column width=\u00bb1\/3&#8243;][vc_column_text] Sin cuotas ocultos [\/vc_column_text][\/vc_column][vc_column width=\u00bb1\/3&#8243;][vc_column_text] Sin contratos a largo plazos [\/vc_column_text][\/vc_column][vc_column width=\u00bb1\/3&#8243;][vc_column_text] Actualizaciones de por vidas [\/vc_column_text][\/vc_column][\/vc_row][vc_row][vc_column][vc_separator color=\u00bbmulled_wine\u00bb style=\u00bbdashed\u00bb el_width=\u00bb60&#8243; css=\u00bb.vc_custom_1580617511943{margin-top: 40px !important;margin-bottom: 40px !important;}\u00bb][\/vc_column][\/vc_row][vc_row equal_height=\u00bbyes\u00bb content_placement=\u00bbmiddle\u00bb][vc_column width=\u00bb5\/12&#8243;][vc_single_image image=\u00bb4519&#8243; img_size=\u00bblarge\u00bb][\/vc_column][vc_column width=\u00bb7\/12&#8243;][vc_custom_heading text=\u00bb\u00a1Obtenga un sitio web dise\u00f1ado espec\u00edficamente para concesionarios de autom\u00f3viles como el suyo!\u00bb font_container=\u00bbtag:h2|text_align:center\u00bb use_theme_fonts=\u00bbyes\u00bb][vc_separator color=\u00bbcustom\u00bb border_width=\u00bb4&#8243;&hellip;","og_url":"https:\/\/autopro.io\/es\/sitio-web-del-concesionario-de-automoviles\/","og_site_name":"WordPress Website","article_modified_time":"2025-06-04T12:04:45+00:00","twitter_card":"summary_large_image","twitter_misc":{"Tiempo de lectura":"3 minutos"},"schema":{"@context":"https:\/\/schema.org","@graph":[{"@type":"WebPage","@id":"https:\/\/autopro.io\/es\/sitio-web-del-concesionario-de-automoviles\/","url":"https:\/\/autopro.io\/es\/sitio-web-del-concesionario-de-automoviles\/","name":"Sitio Web del Concesionario de Autom\u00f3viles - WordPress Website","isPartOf":{"@id":"https:\/\/autopro.io\/#website"},"datePublished":"2020-06-22T04:48:36+00:00","dateModified":"2025-06-04T12:04:45+00:00","breadcrumb":{"@id":"https:\/\/autopro.io\/es\/sitio-web-del-concesionario-de-automoviles\/#breadcrumb"},"inLanguage":"es","potentialAction":[{"@type":"ReadAction","target":["https:\/\/autopro.io\/es\/sitio-web-del-concesionario-de-automoviles\/"]}]},{"@type":"BreadcrumbList","@id":"https:\/\/autopro.io\/es\/sitio-web-del-concesionario-de-automoviles\/#breadcrumb","itemListElement":[{"@type":"ListItem","position":1,"name":"Home","item":"https:\/\/autopro.io\/es\/"},{"@type":"ListItem","position":2,"name":"Sitio Web del Concesionario de Autom\u00f3viles"}]},{"@type":"WebSite","@id":"https:\/\/autopro.io\/#website","url":"https:\/\/autopro.io\/","name":"WordPress Website","description":"","potentialAction":[{"@type":"SearchAction","target":{"@type":"EntryPoint","urlTemplate":"https:\/\/autopro.io\/?s={search_term_string}"},"query-input":{"@type":"PropertyValueSpecification","valueRequired":true,"valueName":"search_term_string"}}],"inLanguage":"es"}]}},"_links":{"self":[{"href":"https:\/\/autopro.io\/es\/wp-json\/wp\/v2\/pages\/2647","targetHints":{"allow":["GET"]}}],"collection":[{"href":"https:\/\/autopro.io\/es\/wp-json\/wp\/v2\/pages"}],"about":[{"href":"https:\/\/autopro.io\/es\/wp-json\/wp\/v2\/types\/page"}],"author":[{"embeddable":true,"href":"https:\/\/autopro.io\/es\/wp-json\/wp\/v2\/users\/2"}],"replies":[{"embeddable":true,"href":"https:\/\/autopro.io\/es\/wp-json\/wp\/v2\/comments?post=2647"}],"version-history":[{"count":2,"href":"https:\/\/autopro.io\/es\/wp-json\/wp\/v2\/pages\/2647\/revisions"}],"predecessor-version":[{"id":5509,"href":"https:\/\/autopro.io\/es\/wp-json\/wp\/v2\/pages\/2647\/revisions\/5509"}],"wp:attachment":[{"href":"https:\/\/autopro.io\/es\/wp-json\/wp\/v2\/media?parent=2647"}],"curies":[{"name":"wp","href":"https:\/\/api.w.org\/{rel}","templated":true}]}}